{"id":1278,"date":"2024-01-23T21:52:36","date_gmt":"2024-01-23T20:52:36","guid":{"rendered":"https:\/\/autrementphoto.com\/?page_id=1278"},"modified":"2024-04-20T21:31:56","modified_gmt":"2024-04-20T19:31:56","slug":"au-fil-sans-eau","status":"publish","type":"page","link":"https:\/\/autrementphoto.com\/index.php\/au-fil-sans-eau\/","title":{"rendered":"Au fil sans eau"},"content":{"rendered":"\t\t<div data-elementor-type=\"wp-page\" data-elementor-id=\"1278\" class=\"elementor elementor-1278\">\n\t\t\t\t<div class=\"elementor-element elementor-element-3bb960b e-flex e-con-boxed e-con e-parent\" data-id=\"3bb960b\" data-element_type=\"container\" data-e-type=\"container\">\n\t\t\t\t\t<div class=\"e-con-inner\">\n\t\t\t\t<div class=\"elementor-element elementor-element-13760dc elementor-widget elementor-widget-image\" data-id=\"13760dc\" data-element_type=\"widget\" data-e-type=\"widget\" data-widget_type=\"image.default\">\n\t\t\t\t<div class=\"elementor-widget-container\">\n\t\t\t\t\t\t\t\t\t\t\t\t\t\t\t<img fetchpriority=\"high\" decoding=\"async\" width=\"1024\" height=\"576\" src=\"https:\/\/autrementphoto.com\/wp-content\/uploads\/2023\/12\/1-w1500-1024x576.png\" class=\"attachment-large size-large wp-image-1155\" alt=\"\" srcset=\"https:\/\/autrementphoto.com\/wp-content\/uploads\/2023\/12\/1-w1500-1024x576.png 1024w, https:\/\/autrementphoto.com\/wp-content\/uploads\/2023\/12\/1-w1500-300x169.png 300w, https:\/\/autrementphoto.com\/wp-content\/uploads\/2023\/12\/1-w1500-768x432.png 768w, https:\/\/autrementphoto.com\/wp-content\/uploads\/2023\/12\/1-w1500-800x450.png 800w, https:\/\/autrementphoto.com\/wp-content\/uploads\/2023\/12\/1-w1500.png 1500w\" sizes=\"(max-width: 1024px) 100vw, 1024px\" \/>\t\t\t\t\t\t\t\t\t\t\t\t\t\t\t<\/div>\n\t\t\t\t<\/div>\n\t\t\t\t\t<\/div>\n\t\t\t\t<\/div>\n\t\t<div class=\"elementor-element elementor-element-6034375 e-flex e-con-boxed e-con e-parent\" data-id=\"6034375\" data-element_type=\"container\" data-e-type=\"container\">\n\t\t\t\t\t<div class=\"e-con-inner\">\n\t\t\t\t<div class=\"elementor-element elementor-element-cc507f9 elementor-widget elementor-widget-text-editor\" data-id=\"cc507f9\" data-element_type=\"widget\" data-e-type=\"widget\" data-widget_type=\"text-editor.default\">\n\t\t\t\t<div class=\"elementor-widget-container\">\n\t\t\t\t\t\t\t\t\t<p><span style=\"font-weight: 400;\">L\u2019\u00e9t\u00e9 2022 a \u00e9t\u00e9 le cadre de s\u00e9cheresse importante, nous donnant cruellement la preuve du r\u00e9chauffement climatique. Pendant plusieurs mois, j&rsquo;ai arpent\u00e9 cours d&rsquo;eau et rivi\u00e8re. Ce que j&rsquo;ai vu m&rsquo;a attrist\u00e9 et fascin\u00e9 en m\u00eame temps. L\u2019eau s\u2019est retir\u00e9e pour laisser \u00e0 vue un d\u00e9cor que l\u2019on ne connaissait pas. Tortur\u00e9es et semblant essayer de rejoindre le peu d\u2019eau encore pr\u00e9sente dans les fonds, les racines blanchies semblent appeler \u00e0 l\u2019aide. J\u2019ai voulu montrer le d\u00e9sespoir qui ressortait de ces fonds ass\u00e9ch\u00e9s et en m\u00eame temps montrer une beaut\u00e9 qui habituellement se cache sous les flots.<\/span><\/p><p><span style=\"font-weight: 400;\">Cours d&rsquo;eau : Le Coly, le Cern<\/span><\/p><p><span style=\"font-size: 15px; font-weight: 400; text-align: var(--text-align);\">Rivi\u00e8re : La V\u00e9z\u00e8re<\/span><\/p><p>\u00a0<\/p>\t\t\t\t\t\t\t\t<\/div>\n\t\t\t\t<\/div>\n\t\t\t\t\t<\/div>\n\t\t\t\t<\/div>\n\t\t<div class=\"elementor-element elementor-element-c04f629 e-flex e-con-boxed e-con e-parent\" data-id=\"c04f629\" data-element_type=\"container\" data-e-type=\"container\">\n\t\t\t\t\t<div class=\"e-con-inner\">\n\t\t\t\t<div class=\"elementor-element elementor-element-810cddb elementor-widget elementor-widget-shortcode\" data-id=\"810cddb\" data-element_type=\"widget\" data-e-type=\"widget\" data-widget_type=\"shortcode.default\">\n\t\t\t\t<div class=\"elementor-widget-container\">\n\t\t\t\t\t\t\t<div class=\"elementor-shortcode\"><!-- Final Tiles Grid Gallery for WordPress v3.6.13 free --><style>#ftg-11 .tile .icon { color:#ffffff; }#ftg-11 .ftg-items .loading-bar i { background:#666; }#ftg-11 .ftg-items .loading-bar { background:#fff; }#ftg-11 .tile .icon { font-size:12px; }#ftg-11 .tile .icon { margin: -6px 0 0 -6px; }#ftg-11 .tile .caption-block .text-wrapper span.text { font-size:12px; }#ftg-11 .tile .caption-outside .text-wrapper span.text { font-size:12px; }#ftg-11 .tile .caption-block .text-wrapper span.title { font-size:14px; }#ftg-11 .tile .caption-outside .text-wrapper span.title { font-size:14px; }#ftg-11 .tile { background-color: transparent; }#ftg-11 .tile .caption-block .text-wrapper span.text { color: #ffffff; }#ftg-11 .tile .caption-block .text-wrapper span.title { color: #ffffff; }#ftg-11 .tile .caption-outside .text-wrapper span.text { color: #ffffff; }#ftg-11 .tile .caption-outside .text-wrapper span.title { color: #ffffff; }#ftg-11 .tile .ftg-social a { color: #ffffff; }#ftg-11 .tile .caption-block { transition-duration:0.25s; }#ftg-11 .tile .tile-inner:before { background-color: #000000; }#ftg-11 .tile .tile-inner:before { background-color: rgba(0, 0, 0, 0.8); }#ftg-11 .tile:hover img {-moz-transform: -moz-rotate(0deg) -moz-scale(0) ;-webkit-transform: -webkit-rotate(0deg) -webkit-scale(0) ;-o-transform: -o-rotate(0deg) -o-scale(0) ;-ms-transform: -ms-rotate(0deg) -ms-scale(0) ;transform: rotate(0deg) scale(0) ;}<\/style><a name=\"1\"><\/a><div class=\"final-tiles-gallery  ftg-hover-enabled caption-inside  caption-none caption-middle caption-center\" id=\"ftg-11\" style=\"width: 100%\"><div class='ftg-items'><div class='loading-bar'><i><\/i><\/div><div  class='tile ftg-preload  '><a title=\"1-w1500\" data-lightbox='ftg-11' rel='ftg-11'  class=' tile-inner  ftg-lightbox' href='https:\/\/autrementphoto.com\/wp-content\/uploads\/2023\/12\/1-w1500-1024x576.png' ><img alt='1-w1500' class='item skip-lazy' data-class='item' data-ftg-source='https:\/\/autrementphoto.com\/wp-content\/uploads\/2023\/12\/1-w1500-1024x576.png' src='https:\/\/autrementphoto.com\/wp-content\/uploads\/2023\/12\/1-w1500-1024x576.png' width='1024' height='576' \/><div class='caption-block'><div class='text-wrapper'><span class='title'>1-w1500<\/span><\/div><\/div><\/a><div class='ftg-social'><\/div><\/div><div  class='tile ftg-preload  '><a title=\"Visage tentaculaire-w1500\" data-lightbox='ftg-11' rel='ftg-11'  class=' tile-inner  ftg-lightbox' href='https:\/\/autrementphoto.com\/wp-content\/uploads\/2023\/12\/Visage-tentaculaire-w1500-1024x739.jpg' ><img alt='Visage tentaculaire-w1500' class='item skip-lazy' data-class='item' data-ftg-source='https:\/\/autrementphoto.com\/wp-content\/uploads\/2023\/12\/Visage-tentaculaire-w1500-1024x739.jpg' src='https:\/\/autrementphoto.com\/wp-content\/uploads\/2023\/12\/Visage-tentaculaire-w1500-1024x739.jpg' width='1024' height='739' \/><div class='caption-block'><div class='text-wrapper'><span class='title'>Visage tentaculaire-w1500<\/span><\/div><\/div><\/a><div class='ftg-social'><\/div><\/div><div  class='tile ftg-preload  '><a title=\"Vid\u00e9-w1500\" data-lightbox='ftg-11' rel='ftg-11'  class=' tile-inner  ftg-lightbox' href='https:\/\/autrementphoto.com\/wp-content\/uploads\/2023\/12\/Vide-w1500-1024x681.jpg' ><img alt='Vid\u00e9-w1500' class='item skip-lazy' data-class='item' data-ftg-source='https:\/\/autrementphoto.com\/wp-content\/uploads\/2023\/12\/Vide-w1500-1024x681.jpg' src='https:\/\/autrementphoto.com\/wp-content\/uploads\/2023\/12\/Vide-w1500-1024x681.jpg' width='1024' height='681' \/><div class='caption-block'><div class='text-wrapper'><span class='title'>Vid\u00e9-w1500<\/span><\/div><\/div><\/a><div class='ftg-social'><\/div><\/div><div  class='tile ftg-preload  '><a title=\"Sur les pointes-w1500\" data-lightbox='ftg-11' rel='ftg-11'  class=' tile-inner  ftg-lightbox' href='https:\/\/autrementphoto.com\/wp-content\/uploads\/2023\/12\/Sur-les-pointes-w1500-681x1024.jpg' ><img alt='Sur les pointes-w1500' class='item skip-lazy' data-class='item' data-ftg-source='https:\/\/autrementphoto.com\/wp-content\/uploads\/2023\/12\/Sur-les-pointes-w1500-681x1024.jpg' src='https:\/\/autrementphoto.com\/wp-content\/uploads\/2023\/12\/Sur-les-pointes-w1500-681x1024.jpg' width='681' height='1024' \/><div class='caption-block'><div class='text-wrapper'><span class='title'>Sur les pointes-w1500<\/span><\/div><\/div><\/a><div class='ftg-social'><\/div><\/div><div  class='tile ftg-preload  '><a title=\"Ramification-w1500\" data-lightbox='ftg-11' rel='ftg-11'  class=' tile-inner  ftg-lightbox' href='https:\/\/autrementphoto.com\/wp-content\/uploads\/2023\/12\/Ramification-w1500-1024x741.jpg' ><img alt='Ramification-w1500' class='item skip-lazy' data-class='item' data-ftg-source='https:\/\/autrementphoto.com\/wp-content\/uploads\/2023\/12\/Ramification-w1500-1024x741.jpg' src='https:\/\/autrementphoto.com\/wp-content\/uploads\/2023\/12\/Ramification-w1500-1024x741.jpg' width='1024' height='741' \/><div class='caption-block'><div class='text-wrapper'><span class='title'>Ramification-w1500<\/span><\/div><\/div><\/a><div class='ftg-social'><\/div><\/div><div  class='tile ftg-preload  '><a title=\"Miroir-w1500\" data-lightbox='ftg-11' rel='ftg-11'  class=' tile-inner  ftg-lightbox' href='https:\/\/autrementphoto.com\/wp-content\/uploads\/2023\/12\/Miroir-w1500-1024x681.jpg' ><img alt='Miroir-w1500' class='item skip-lazy' data-class='item' data-ftg-source='https:\/\/autrementphoto.com\/wp-content\/uploads\/2023\/12\/Miroir-w1500-1024x681.jpg' src='https:\/\/autrementphoto.com\/wp-content\/uploads\/2023\/12\/Miroir-w1500-1024x681.jpg' width='1024' height='681' \/><div class='caption-block'><div class='text-wrapper'><span class='title'>Miroir-w1500<\/span><\/div><\/div><\/a><div class='ftg-social'><\/div><\/div><div  class='tile ftg-preload  '><a title=\"La foule-w1500\" data-lightbox='ftg-11' rel='ftg-11'  class=' tile-inner  ftg-lightbox' href='https:\/\/autrementphoto.com\/wp-content\/uploads\/2023\/12\/La-foule-w1500-1024x681.jpg' ><img alt='La foule-w1500' class='item skip-lazy' data-class='item' data-ftg-source='https:\/\/autrementphoto.com\/wp-content\/uploads\/2023\/12\/La-foule-w1500-1024x681.jpg' src='https:\/\/autrementphoto.com\/wp-content\/uploads\/2023\/12\/La-foule-w1500-1024x681.jpg' width='1024' height='681' \/><div class='caption-block'><div class='text-wrapper'><span class='title'>La foule-w1500<\/span><\/div><\/div><\/a><div class='ftg-social'><\/div><\/div><div  class='tile ftg-preload  '><a title=\"La bouche-w1500\" data-lightbox='ftg-11' rel='ftg-11'  class=' tile-inner  ftg-lightbox' href='https:\/\/autrementphoto.com\/wp-content\/uploads\/2023\/12\/La-bouche-w1500-724x1024.jpg' ><img alt='La bouche-w1500' class='item skip-lazy' data-class='item' data-ftg-source='https:\/\/autrementphoto.com\/wp-content\/uploads\/2023\/12\/La-bouche-w1500-724x1024.jpg' src='https:\/\/autrementphoto.com\/wp-content\/uploads\/2023\/12\/La-bouche-w1500-724x1024.jpg' width='724' height='1024' \/><div class='caption-block'><div class='text-wrapper'><span class='title'>La bouche-w1500<\/span><\/div><\/div><\/a><div class='ftg-social'><\/div><\/div><div  class='tile ftg-preload  '><a title=\"Entrem\u00e9l\u00e9es-w1500\" data-lightbox='ftg-11' rel='ftg-11'  class=' tile-inner  ftg-lightbox' href='https:\/\/autrementphoto.com\/wp-content\/uploads\/2023\/12\/Entremelees-w1500-1024x681.jpg' ><img alt='Entrem\u00e9l\u00e9es-w1500' class='item skip-lazy' data-class='item' data-ftg-source='https:\/\/autrementphoto.com\/wp-content\/uploads\/2023\/12\/Entremelees-w1500-1024x681.jpg' src='https:\/\/autrementphoto.com\/wp-content\/uploads\/2023\/12\/Entremelees-w1500-1024x681.jpg' width='1024' height='681' \/><div class='caption-block'><div class='text-wrapper'><span class='title'>Entrem\u00e9l\u00e9es-w1500<\/span><\/div><\/div><\/a><div class='ftg-social'><\/div><\/div><div  class='tile ftg-preload  '><a title=\"DSC_3457-w1500\" data-lightbox='ftg-11' rel='ftg-11'  class=' tile-inner  ftg-lightbox' href='https:\/\/autrementphoto.com\/wp-content\/uploads\/2023\/12\/DSC_3457-w1500-1024x726.jpg' ><img alt='DSC_3457-w1500' class='item skip-lazy' data-class='item' data-ftg-source='https:\/\/autrementphoto.com\/wp-content\/uploads\/2023\/12\/DSC_3457-w1500-1024x726.jpg' src='https:\/\/autrementphoto.com\/wp-content\/uploads\/2023\/12\/DSC_3457-w1500-1024x726.jpg' width='1024' height='726' \/><div class='caption-block'><div class='text-wrapper'><span class='title'>DSC_3457-w1500<\/span><\/div><\/div><\/a><div class='ftg-social'><\/div><\/div><div  class='tile ftg-preload  '><a title=\"DSC_2636-w1500\" data-lightbox='ftg-11' rel='ftg-11'  class=' tile-inner  ftg-lightbox' href='https:\/\/autrementphoto.com\/wp-content\/uploads\/2023\/12\/DSC_2636-w1500-681x1024.jpg' ><img alt='DSC_2636-w1500' class='item skip-lazy' data-class='item' data-ftg-source='https:\/\/autrementphoto.com\/wp-content\/uploads\/2023\/12\/DSC_2636-w1500-681x1024.jpg' src='https:\/\/autrementphoto.com\/wp-content\/uploads\/2023\/12\/DSC_2636-w1500-681x1024.jpg' width='681' height='1024' \/><div class='caption-block'><div class='text-wrapper'><span class='title'>DSC_2636-w1500<\/span><\/div><\/div><\/a><div class='ftg-social'><\/div><\/div><div  class='tile ftg-preload  '><a title=\"DSC_2628-w1500\" data-lightbox='ftg-11' rel='ftg-11'  class=' tile-inner  ftg-lightbox' href='https:\/\/autrementphoto.com\/wp-content\/uploads\/2023\/12\/DSC_2628-w1500-681x1024.jpg' ><img alt='DSC_2628-w1500' class='item skip-lazy' data-class='item' data-ftg-source='https:\/\/autrementphoto.com\/wp-content\/uploads\/2023\/12\/DSC_2628-w1500-681x1024.jpg' src='https:\/\/autrementphoto.com\/wp-content\/uploads\/2023\/12\/DSC_2628-w1500-681x1024.jpg' width='681' height='1024' \/><div class='caption-block'><div class='text-wrapper'><span class='title'>DSC_2628-w1500<\/span><\/div><\/div><\/a><div class='ftg-social'><\/div><\/div><div  class='tile ftg-preload  '><a title=\"DSC_2524-w1500\" data-lightbox='ftg-11' rel='ftg-11'  class=' tile-inner  ftg-lightbox' href='https:\/\/autrementphoto.com\/wp-content\/uploads\/2023\/12\/DSC_2524-w1500-681x1024.jpg' ><img alt='DSC_2524-w1500' class='item skip-lazy' data-class='item' data-ftg-source='https:\/\/autrementphoto.com\/wp-content\/uploads\/2023\/12\/DSC_2524-w1500-681x1024.jpg' src='https:\/\/autrementphoto.com\/wp-content\/uploads\/2023\/12\/DSC_2524-w1500-681x1024.jpg' width='681' height='1024' \/><div class='caption-block'><div class='text-wrapper'><span class='title'>DSC_2524-w1500<\/span><\/div><\/div><\/a><div class='ftg-social'><\/div><\/div><div  class='tile ftg-preload  '><a title=\"Cr\u00e9ature 3-w1500\" data-lightbox='ftg-11' rel='ftg-11'  class=' tile-inner  ftg-lightbox' href='https:\/\/autrementphoto.com\/wp-content\/uploads\/2023\/12\/Creature-3-w1500-1024x681.jpg' ><img alt='Cr\u00e9ature 3-w1500' class='item skip-lazy' data-class='item' data-ftg-source='https:\/\/autrementphoto.com\/wp-content\/uploads\/2023\/12\/Creature-3-w1500-1024x681.jpg' src='https:\/\/autrementphoto.com\/wp-content\/uploads\/2023\/12\/Creature-3-w1500-1024x681.jpg' width='1024' height='681' \/><div class='caption-block'><div class='text-wrapper'><span class='title'>Cr\u00e9ature 3-w1500<\/span><\/div><\/div><\/a><div class='ftg-social'><\/div><\/div><div  class='tile ftg-preload  '><a title=\"Chuchotements-w1500\" data-lightbox='ftg-11' rel='ftg-11'  class=' tile-inner  ftg-lightbox' href='https:\/\/autrementphoto.com\/wp-content\/uploads\/2023\/12\/Chuchotements-w1500-725x1024.jpg' ><img alt='Chuchotements-w1500' class='item skip-lazy' data-class='item' data-ftg-source='https:\/\/autrementphoto.com\/wp-content\/uploads\/2023\/12\/Chuchotements-w1500-725x1024.jpg' src='https:\/\/autrementphoto.com\/wp-content\/uploads\/2023\/12\/Chuchotements-w1500-725x1024.jpg' width='725' height='1024' \/><div class='caption-block'><div class='text-wrapper'><span class='title'>Chuchotements-w1500<\/span><\/div><\/div><\/a><div class='ftg-social'><\/div><\/div><div  class='tile ftg-preload  '><a title=\"Beaut\u00e9 ass\u00e9ch\u00e9e-w1500\" data-lightbox='ftg-11' rel='ftg-11'  class=' tile-inner  ftg-lightbox' href='https:\/\/autrementphoto.com\/wp-content\/uploads\/2023\/12\/Beaute-assechee-w1500-1024x681.jpg' ><img alt='Beaut\u00e9 ass\u00e9ch\u00e9e-w1500' class='item skip-lazy' data-class='item' data-ftg-source='https:\/\/autrementphoto.com\/wp-content\/uploads\/2023\/12\/Beaute-assechee-w1500-1024x681.jpg' src='https:\/\/autrementphoto.com\/wp-content\/uploads\/2023\/12\/Beaute-assechee-w1500-1024x681.jpg' width='1024' height='681' \/><div class='caption-block'><div class='text-wrapper'><span class='title'>Beaut\u00e9 ass\u00e9ch\u00e9e-w1500<\/span><\/div><\/div><\/a><div class='ftg-social'><\/div><\/div><div  class='tile ftg-preload  '><a title=\"2-w1500\" data-lightbox='ftg-11' rel='ftg-11'  class=' tile-inner  ftg-lightbox' href='https:\/\/autrementphoto.com\/wp-content\/uploads\/2023\/12\/2-w1500-1024x576.png' ><img alt='2-w1500' class='item skip-lazy' data-class='item' data-ftg-source='https:\/\/autrementphoto.com\/wp-content\/uploads\/2023\/12\/2-w1500-1024x576.png' src='https:\/\/autrementphoto.com\/wp-content\/uploads\/2023\/12\/2-w1500-1024x576.png' width='1024' height='576' \/><div class='caption-block'><div class='text-wrapper'><span class='title'>2-w1500<\/span><\/div><\/div><\/a><div class='ftg-social'><\/div><\/div><\/div><\/div><\/div>\n\t\t\t\t\t\t<\/div>\n\t\t\t\t<\/div>\n\t\t\t\t\t<\/div>\n\t\t\t\t<\/div>\n\t\t\t\t<\/div>\n\t\t","protected":false},"excerpt":{"rendered":"<p>L\u2019\u00e9t\u00e9 2022 a \u00e9t\u00e9 le cadre de s\u00e9cheresse importante, nous donnant cruellement la preuve du r\u00e9chauffement climatique. Pendant plusieurs mois, j&rsquo;ai arpent\u00e9 cours d&rsquo;eau et rivi\u00e8re. Ce que j&rsquo;ai vu m&rsquo;a attrist\u00e9 et fascin\u00e9 en m\u00eame temps. L\u2019eau s\u2019est retir\u00e9e pour laisser \u00e0 vue un d\u00e9cor que l\u2019on ne connaissait pas. Tortur\u00e9es et semblant essayer [&hellip;]<\/p>\n","protected":false},"author":1,"featured_media":0,"parent":0,"menu_order":0,"comment_status":"closed","ping_status":"closed","template":"","meta":{"ocean_post_layout":"","ocean_both_sidebars_style":"","ocean_both_sidebars_content_width":0,"ocean_both_sidebars_sidebars_width":0,"ocean_sidebar":"","ocean_second_sidebar":"","ocean_disable_margins":"enable","ocean_add_body_class":"","ocean_shortcode_before_top_bar":"","ocean_shortcode_after_top_bar":"","ocean_shortcode_before_header":"","ocean_shortcode_after_header":"","ocean_has_shortcode":"","ocean_shortcode_after_title":"","ocean_shortcode_before_footer_widgets":"","ocean_shortcode_after_footer_widgets":"","ocean_shortcode_before_footer_bottom":"","ocean_shortcode_after_footer_bottom":"","ocean_display_top_bar":"default","ocean_display_header":"default","ocean_header_style":"","ocean_center_header_left_menu":"","ocean_custom_header_template":"","ocean_custom_logo":0,"ocean_custom_retina_logo":0,"ocean_custom_logo_max_width":0,"ocean_custom_logo_tablet_max_width":0,"ocean_custom_logo_mobile_max_width":0,"ocean_custom_logo_max_height":0,"ocean_custom_logo_tablet_max_height":0,"ocean_custom_logo_mobile_max_height":0,"ocean_header_custom_menu":"","ocean_menu_typo_font_family":"","ocean_menu_typo_font_subset":"","ocean_menu_typo_font_size":0,"ocean_menu_typo_font_size_tablet":0,"ocean_menu_typo_font_size_mobile":0,"ocean_menu_typo_font_size_unit":"px","ocean_menu_typo_font_weight":"","ocean_menu_typo_font_weight_tablet":"","ocean_menu_typo_font_weight_mobile":"","ocean_menu_typo_transform":"","ocean_menu_typo_transform_tablet":"","ocean_menu_typo_transform_mobile":"","ocean_menu_typo_line_height":0,"ocean_menu_typo_line_height_tablet":0,"ocean_menu_typo_line_height_mobile":0,"ocean_menu_typo_line_height_unit":"","ocean_menu_typo_spacing":0,"ocean_menu_typo_spacing_tablet":0,"ocean_menu_typo_spacing_mobile":0,"ocean_menu_typo_spacing_unit":"","ocean_menu_link_color":"","ocean_menu_link_color_hover":"","ocean_menu_link_color_active":"","ocean_menu_link_background":"","ocean_menu_link_hover_background":"","ocean_menu_link_active_background":"","ocean_menu_social_links_bg":"","ocean_menu_social_hover_links_bg":"","ocean_menu_social_links_color":"","ocean_menu_social_hover_links_color":"","ocean_disable_title":"default","ocean_disable_heading":"default","ocean_post_title":"","ocean_post_subheading":"","ocean_post_title_style":"","ocean_post_title_background_color":"","ocean_post_title_background":0,"ocean_post_title_bg_image_position":"","ocean_post_title_bg_image_attachment":"","ocean_post_title_bg_image_repeat":"","ocean_post_title_bg_image_size":"","ocean_post_title_height":0,"ocean_post_title_bg_overlay":0.5,"ocean_post_title_bg_overlay_color":"","ocean_disable_breadcrumbs":"default","ocean_breadcrumbs_color":"","ocean_breadcrumbs_separator_color":"","ocean_breadcrumbs_links_color":"","ocean_breadcrumbs_links_hover_color":"","ocean_display_footer_widgets":"default","ocean_display_footer_bottom":"default","ocean_custom_footer_template":"","footnotes":""},"class_list":["post-1278","page","type-page","status-publish","hentry","entry"],"_links":{"self":[{"href":"https:\/\/autrementphoto.com\/index.php\/wp-json\/wp\/v2\/pages\/1278","targetHints":{"allow":["GET"]}}],"collection":[{"href":"https:\/\/autrementphoto.com\/index.php\/wp-json\/wp\/v2\/pages"}],"about":[{"href":"https:\/\/autrementphoto.com\/index.php\/wp-json\/wp\/v2\/types\/page"}],"author":[{"embeddable":true,"href":"https:\/\/autrementphoto.com\/index.php\/wp-json\/wp\/v2\/users\/1"}],"replies":[{"embeddable":true,"href":"https:\/\/autrementphoto.com\/index.php\/wp-json\/wp\/v2\/comments?post=1278"}],"version-history":[{"count":37,"href":"https:\/\/autrementphoto.com\/index.php\/wp-json\/wp\/v2\/pages\/1278\/revisions"}],"predecessor-version":[{"id":1501,"href":"https:\/\/autrementphoto.com\/index.php\/wp-json\/wp\/v2\/pages\/1278\/revisions\/1501"}],"wp:attachment":[{"href":"https:\/\/autrementphoto.com\/index.php\/wp-json\/wp\/v2\/media?parent=1278"}],"curies":[{"name":"wp","href":"https:\/\/api.w.org\/{rel}","templated":true}]}}