{"id":1280,"date":"2024-01-23T21:52:36","date_gmt":"2024-01-23T20:52:36","guid":{"rendered":"https:\/\/autrementphoto.com\/?page_id=1280"},"modified":"2024-04-20T21:28:17","modified_gmt":"2024-04-20T19:28:17","slug":"disparitions","status":"publish","type":"page","link":"https:\/\/autrementphoto.com\/index.php\/disparitions\/","title":{"rendered":"Disparitions"},"content":{"rendered":"\t\t<div data-elementor-type=\"wp-page\" data-elementor-id=\"1280\" class=\"elementor elementor-1280\">\n\t\t\t\t<div class=\"elementor-element elementor-element-094e884 e-flex e-con-boxed e-con e-parent\" data-id=\"094e884\" data-element_type=\"container\" data-e-type=\"container\">\n\t\t\t\t\t<div class=\"e-con-inner\">\n\t\t\t\t<div class=\"elementor-element elementor-element-be880fc elementor-widget elementor-widget-image\" data-id=\"be880fc\" data-element_type=\"widget\" data-e-type=\"widget\" data-widget_type=\"image.default\">\n\t\t\t\t<div class=\"elementor-widget-container\">\n\t\t\t\t\t\t\t\t\t\t\t\t\t\t\t<img fetchpriority=\"high\" decoding=\"async\" width=\"1024\" height=\"683\" src=\"https:\/\/autrementphoto.com\/wp-content\/uploads\/2023\/12\/DSC_3870-w1500-1024x683.jpg\" class=\"attachment-large size-large wp-image-1216\" alt=\"\" srcset=\"https:\/\/autrementphoto.com\/wp-content\/uploads\/2023\/12\/DSC_3870-w1500-1024x683.jpg 1024w, https:\/\/autrementphoto.com\/wp-content\/uploads\/2023\/12\/DSC_3870-w1500-300x200.jpg 300w, https:\/\/autrementphoto.com\/wp-content\/uploads\/2023\/12\/DSC_3870-w1500-768x513.jpg 768w, https:\/\/autrementphoto.com\/wp-content\/uploads\/2023\/12\/DSC_3870-w1500.jpg 1500w\" sizes=\"(max-width: 1024px) 100vw, 1024px\" \/>\t\t\t\t\t\t\t\t\t\t\t\t\t\t\t<\/div>\n\t\t\t\t<\/div>\n\t\t\t\t\t<\/div>\n\t\t\t\t<\/div>\n\t\t<div class=\"elementor-element elementor-element-799684c e-flex e-con-boxed e-con e-parent\" data-id=\"799684c\" data-element_type=\"container\" data-e-type=\"container\">\n\t\t\t\t\t<div class=\"e-con-inner\">\n\t\t\t\t<div class=\"elementor-element elementor-element-aafd046 elementor-widget elementor-widget-text-editor\" data-id=\"aafd046\" data-element_type=\"widget\" data-e-type=\"widget\" data-widget_type=\"text-editor.default\">\n\t\t\t\t<div class=\"elementor-widget-container\">\n\t\t\t\t\t\t\t\t\t<ul><li><span style=\"font-weight: 400;\">12 tirages 30*40 sur Dibond (plaque aluminium)<\/span><\/li><li><span style=\"font-weight: 400;\">Equip\u00e9s de syst\u00e8me d&rsquo;accrochage<\/span><\/li><li><span style=\"font-weight: 400;\">Mat\u00e9riaux permettant exposition int\u00e9rieure et ext\u00e9rieure<\/span><\/li><li><span style=\"font-weight: 400;\">Num\u00e9rot\u00e9s et sign\u00e9s<\/span><\/li><\/ul>\t\t\t\t\t\t\t\t<\/div>\n\t\t\t\t<\/div>\n\t\t\t\t\t<\/div>\n\t\t\t\t<\/div>\n\t\t<div class=\"elementor-element elementor-element-ee8bce8 e-flex e-con-boxed e-con e-parent\" data-id=\"ee8bce8\" data-element_type=\"container\" data-e-type=\"container\">\n\t\t\t\t\t<div class=\"e-con-inner\">\n\t\t\t\t<div class=\"elementor-element elementor-element-64ba992 elementor-widget elementor-widget-shortcode\" data-id=\"64ba992\" data-element_type=\"widget\" data-e-type=\"widget\" data-widget_type=\"shortcode.default\">\n\t\t\t\t<div class=\"elementor-widget-container\">\n\t\t\t\t\t\t\t<div class=\"elementor-shortcode\"><!-- Final Tiles Grid Gallery for WordPress v3.6.13 free --><style>#ftg-44 .tile .icon { color:#ffffff; }#ftg-44 .ftg-items .loading-bar i { background:#666; }#ftg-44 .ftg-items .loading-bar { background:#fff; }#ftg-44 .tile .icon { font-size:12px; }#ftg-44 .tile .icon { margin: -6px 0 0 -6px; }#ftg-44 .tile .caption-block .text-wrapper span.text { font-size:12px; }#ftg-44 .tile .caption-outside .text-wrapper span.text { font-size:12px; }#ftg-44 .tile .caption-block .text-wrapper span.title { font-size:14px; }#ftg-44 .tile .caption-outside .text-wrapper span.title { font-size:14px; }#ftg-44 .tile { background-color: transparent; }#ftg-44 .tile .caption-block .text-wrapper span.text { color: #ffffff; }#ftg-44 .tile .caption-block .text-wrapper span.title { color: #ffffff; }#ftg-44 .tile .caption-outside .text-wrapper span.text { color: #ffffff; }#ftg-44 .tile .caption-outside .text-wrapper span.title { color: #ffffff; }#ftg-44 .tile .ftg-social a { color: #ffffff; }#ftg-44 .tile .caption-block { transition-timing-function:linear; }#ftg-44 .tile .caption-block { transition-duration:0.25s; }#ftg-44 .tile .tile-inner:before { background-color: #000000; }#ftg-44 .tile .tile-inner:before { background-color: rgba(0, 0, 0, 0.8); }<\/style><a name=\"4\"><\/a><div class=\"final-tiles-gallery  ftg-hover-enabled caption-inside  caption-none caption-middle caption-center\" id=\"ftg-44\" style=\"width: 100%\"><div class='ftg-items'><div class='loading-bar'><i><\/i><\/div><div  class='tile ftg-preload  '><a title=\"11.5-bouff\u00e9e d_air-w1500\" data-lightbox='ftg-44' rel='ftg-44'  class=' tile-inner  ftg-lightbox' href='https:\/\/autrementphoto.com\/wp-content\/uploads\/2023\/12\/11.5-bouffee-d_air-w1500-1-683x1024.jpg' ><img alt='11.5-bouff\u00e9e d_air-w1500' class='item skip-lazy' data-class='item' data-ftg-source='https:\/\/autrementphoto.com\/wp-content\/uploads\/2023\/12\/11.5-bouffee-d_air-w1500-1-683x1024.jpg' src='https:\/\/autrementphoto.com\/wp-content\/uploads\/2023\/12\/11.5-bouffee-d_air-w1500-1-683x1024.jpg' width='683' height='1024' \/><span class='icon fa fa-zoom'><\/span><div class='caption-block'><div class='text-wrapper'><span class='title'>11.5-bouff\u00e9e d_air-w1500<\/span><\/div><\/div><\/a><div class='ftg-social'><\/div><\/div><div  class='tile ftg-preload  '><a title=\"DSC_0979-w1500\" data-lightbox='ftg-44' rel='ftg-44'  class=' tile-inner  ftg-lightbox' href='https:\/\/autrementphoto.com\/wp-content\/uploads\/2023\/12\/DSC_0979-w1500-1024x681.jpg' ><img alt='DSC_0979-w1500' class='item skip-lazy' data-class='item' data-ftg-source='https:\/\/autrementphoto.com\/wp-content\/uploads\/2023\/12\/DSC_0979-w1500-1024x681.jpg' src='https:\/\/autrementphoto.com\/wp-content\/uploads\/2023\/12\/DSC_0979-w1500-1024x681.jpg' width='1024' height='681' \/><span class='icon fa fa-zoom'><\/span><div class='caption-block'><div class='text-wrapper'><span class='title'>DSC_0979-w1500<\/span><\/div><\/div><\/a><div class='ftg-social'><\/div><\/div><div  class='tile ftg-preload  '><a title=\"DSC_2326-w1500\" data-lightbox='ftg-44' rel='ftg-44'  class=' tile-inner  ftg-lightbox' href='https:\/\/autrementphoto.com\/wp-content\/uploads\/2023\/12\/DSC_2326-w1500-681x1024.jpg' ><img alt='DSC_2326-w1500' class='item skip-lazy' data-class='item' data-ftg-source='https:\/\/autrementphoto.com\/wp-content\/uploads\/2023\/12\/DSC_2326-w1500-681x1024.jpg' src='https:\/\/autrementphoto.com\/wp-content\/uploads\/2023\/12\/DSC_2326-w1500-681x1024.jpg' width='681' height='1024' \/><span class='icon fa fa-zoom'><\/span><div class='caption-block'><div class='text-wrapper'><span class='title'>DSC_2326-w1500<\/span><\/div><\/div><\/a><div class='ftg-social'><\/div><\/div><div  class='tile ftg-preload  '><a title=\"DSC_3870-w1500\" data-lightbox='ftg-44' rel='ftg-44'  class=' tile-inner  ftg-lightbox' href='https:\/\/autrementphoto.com\/wp-content\/uploads\/2023\/12\/DSC_3870-w1500-1024x683.jpg' ><img alt='DSC_3870-w1500' class='item skip-lazy' data-class='item' data-ftg-source='https:\/\/autrementphoto.com\/wp-content\/uploads\/2023\/12\/DSC_3870-w1500-1024x683.jpg' src='https:\/\/autrementphoto.com\/wp-content\/uploads\/2023\/12\/DSC_3870-w1500-1024x683.jpg' width='1024' height='683' \/><span class='icon fa fa-zoom'><\/span><div class='caption-block'><div class='text-wrapper'><span class='title'>DSC_3870-w1500<\/span><\/div><\/div><\/a><div class='ftg-social'><\/div><\/div><div  class='tile ftg-preload  '><a title=\"DSC_6279bis-w1500\" data-lightbox='ftg-44' rel='ftg-44'  class=' tile-inner  ftg-lightbox' href='https:\/\/autrementphoto.com\/wp-content\/uploads\/2023\/12\/DSC_6279bis-w1500-683x1024.jpg' ><img alt='DSC_6279bis-w1500' class='item skip-lazy' data-class='item' data-ftg-source='https:\/\/autrementphoto.com\/wp-content\/uploads\/2023\/12\/DSC_6279bis-w1500-683x1024.jpg' src='https:\/\/autrementphoto.com\/wp-content\/uploads\/2023\/12\/DSC_6279bis-w1500-683x1024.jpg' width='683' height='1024' \/><span class='icon fa fa-zoom'><\/span><div class='caption-block'><div class='text-wrapper'><span class='title'>DSC_6279bis-w1500<\/span><\/div><\/div><\/a><div class='ftg-social'><\/div><\/div><div  class='tile ftg-preload  '><a title=\"DSC_6967-w1500\" data-lightbox='ftg-44' rel='ftg-44'  class=' tile-inner  ftg-lightbox' href='https:\/\/autrementphoto.com\/wp-content\/uploads\/2023\/12\/DSC_6967-w1500-1024x1024.jpg' ><img alt='DSC_6967-w1500' class='item skip-lazy' data-class='item' data-ftg-source='https:\/\/autrementphoto.com\/wp-content\/uploads\/2023\/12\/DSC_6967-w1500-1024x1024.jpg' src='https:\/\/autrementphoto.com\/wp-content\/uploads\/2023\/12\/DSC_6967-w1500-1024x1024.jpg' width='1024' height='1024' \/><span class='icon fa fa-zoom'><\/span><div class='caption-block'><div class='text-wrapper'><span class='title'>DSC_6967-w1500<\/span><\/div><\/div><\/a><div class='ftg-social'><\/div><\/div><div  class='tile ftg-preload  '><a title=\"DSC_7012-w1500\" data-lightbox='ftg-44' rel='ftg-44'  class=' tile-inner  ftg-lightbox' href='https:\/\/autrementphoto.com\/wp-content\/uploads\/2023\/12\/DSC_7012-w1500-1024x685.jpg' ><img alt='DSC_7012-w1500' class='item skip-lazy' data-class='item' data-ftg-source='https:\/\/autrementphoto.com\/wp-content\/uploads\/2023\/12\/DSC_7012-w1500-1024x685.jpg' src='https:\/\/autrementphoto.com\/wp-content\/uploads\/2023\/12\/DSC_7012-w1500-1024x685.jpg' width='1024' height='685' \/><span class='icon fa fa-zoom'><\/span><div class='caption-block'><div class='text-wrapper'><span class='title'>DSC_7012-w1500<\/span><\/div><\/div><\/a><div class='ftg-social'><\/div><\/div><div  class='tile ftg-preload  '><a title=\"DSC_7050-w1500\" data-lightbox='ftg-44' rel='ftg-44'  class=' tile-inner  ftg-lightbox' href='https:\/\/autrementphoto.com\/wp-content\/uploads\/2023\/12\/DSC_7050-w1500-818x1024.jpg' ><img alt='DSC_7050-w1500' class='item skip-lazy' data-class='item' data-ftg-source='https:\/\/autrementphoto.com\/wp-content\/uploads\/2023\/12\/DSC_7050-w1500-818x1024.jpg' src='https:\/\/autrementphoto.com\/wp-content\/uploads\/2023\/12\/DSC_7050-w1500-818x1024.jpg' width='818' height='1024' \/><span class='icon fa fa-zoom'><\/span><div class='caption-block'><div class='text-wrapper'><span class='title'>DSC_7050-w1500<\/span><\/div><\/div><\/a><div class='ftg-social'><\/div><\/div><div  class='tile ftg-preload  '><a title=\"DSC_9258-w1500\" data-lightbox='ftg-44' rel='ftg-44'  class=' tile-inner  ftg-lightbox' href='https:\/\/autrementphoto.com\/wp-content\/uploads\/2023\/12\/DSC_9258-w1500-1024x687.jpg' ><img alt='DSC_9258-w1500' class='item skip-lazy' data-class='item' data-ftg-source='https:\/\/autrementphoto.com\/wp-content\/uploads\/2023\/12\/DSC_9258-w1500-1024x687.jpg' src='https:\/\/autrementphoto.com\/wp-content\/uploads\/2023\/12\/DSC_9258-w1500-1024x687.jpg' width='1024' height='687' \/><span class='icon fa fa-zoom'><\/span><div class='caption-block'><div class='text-wrapper'><span class='title'>DSC_9258-w1500<\/span><\/div><\/div><\/a><div class='ftg-social'><\/div><\/div><div  class='tile ftg-preload  '><a title=\"DSC_9405-w1500\" data-lightbox='ftg-44' rel='ftg-44'  class=' tile-inner  ftg-lightbox' href='https:\/\/autrementphoto.com\/wp-content\/uploads\/2023\/12\/DSC_9405-w1500-1024x682.jpg' ><img alt='DSC_9405-w1500' class='item skip-lazy' data-class='item' data-ftg-source='https:\/\/autrementphoto.com\/wp-content\/uploads\/2023\/12\/DSC_9405-w1500-1024x682.jpg' src='https:\/\/autrementphoto.com\/wp-content\/uploads\/2023\/12\/DSC_9405-w1500-1024x682.jpg' width='1024' height='682' \/><span class='icon fa fa-zoom'><\/span><div class='caption-block'><div class='text-wrapper'><span class='title'>DSC_9405-w1500<\/span><\/div><\/div><\/a><div class='ftg-social'><\/div><\/div><div  class='tile ftg-preload  '><a title=\"DSC_9768bis-w1500\" data-lightbox='ftg-44' rel='ftg-44'  class=' tile-inner  ftg-lightbox' href='https:\/\/autrementphoto.com\/wp-content\/uploads\/2023\/12\/DSC_9768bis-w1500-679x1024.jpg' ><img alt='DSC_9768bis-w1500' class='item skip-lazy' data-class='item' data-ftg-source='https:\/\/autrementphoto.com\/wp-content\/uploads\/2023\/12\/DSC_9768bis-w1500-679x1024.jpg' src='https:\/\/autrementphoto.com\/wp-content\/uploads\/2023\/12\/DSC_9768bis-w1500-679x1024.jpg' width='679' height='1024' \/><span class='icon fa fa-zoom'><\/span><div class='caption-block'><div class='text-wrapper'><span class='title'>DSC_9768bis-w1500<\/span><\/div><\/div><\/a><div class='ftg-social'><\/div><\/div><\/div><\/div><\/div>\n\t\t\t\t\t\t<\/div>\n\t\t\t\t<\/div>\n\t\t\t\t\t<\/div>\n\t\t\t\t<\/div>\n\t\t\t\t<\/div>\n\t\t","protected":false},"excerpt":{"rendered":"<p>12 tirages 30*40 sur Dibond (plaque aluminium) Equip\u00e9s de syst\u00e8me d&rsquo;accrochage Mat\u00e9riaux permettant exposition int\u00e9rieure et ext\u00e9rieure Num\u00e9rot\u00e9s et sign\u00e9s<\/p>\n","protected":false},"author":1,"featured_media":0,"parent":0,"menu_order":0,"comment_status":"closed","ping_status":"closed","template":"","meta":{"ocean_post_layout":"","ocean_both_sidebars_style":"","ocean_both_sidebars_content_width":0,"ocean_both_sidebars_sidebars_width":0,"ocean_sidebar":"","ocean_second_sidebar":"","ocean_disable_margins":"enable","ocean_add_body_class":"","ocean_shortcode_before_top_bar":"","ocean_shortcode_after_top_bar":"","ocean_shortcode_before_header":"","ocean_shortcode_after_header":"","ocean_has_shortcode":"","ocean_shortcode_after_title":"","ocean_shortcode_before_footer_widgets":"","ocean_shortcode_after_footer_widgets":"","ocean_shortcode_before_footer_bottom":"","ocean_shortcode_after_footer_bottom":"","ocean_display_top_bar":"default","ocean_display_header":"default","ocean_header_style":"","ocean_center_header_left_menu":"","ocean_custom_header_template":"","ocean_custom_logo":0,"ocean_custom_retina_logo":0,"ocean_custom_logo_max_width":0,"ocean_custom_logo_tablet_max_width":0,"ocean_custom_logo_mobile_max_width":0,"ocean_custom_logo_max_height":0,"ocean_custom_logo_tablet_max_height":0,"ocean_custom_logo_mobile_max_height":0,"ocean_header_custom_menu":"","ocean_menu_typo_font_family":"","ocean_menu_typo_font_subset":"","ocean_menu_typo_font_size":0,"ocean_menu_typo_font_size_tablet":0,"ocean_menu_typo_font_size_mobile":0,"ocean_menu_typo_font_size_unit":"px","ocean_menu_typo_font_weight":"","ocean_menu_typo_font_weight_tablet":"","ocean_menu_typo_font_weight_mobile":"","ocean_menu_typo_transform":"","ocean_menu_typo_transform_tablet":"","ocean_menu_typo_transform_mobile":"","ocean_menu_typo_line_height":0,"ocean_menu_typo_line_height_tablet":0,"ocean_menu_typo_line_height_mobile":0,"ocean_menu_typo_line_height_unit":"","ocean_menu_typo_spacing":0,"ocean_menu_typo_spacing_tablet":0,"ocean_menu_typo_spacing_mobile":0,"ocean_menu_typo_spacing_unit":"","ocean_menu_link_color":"","ocean_menu_link_color_hover":"","ocean_menu_link_color_active":"","ocean_menu_link_background":"","ocean_menu_link_hover_background":"","ocean_menu_link_active_background":"","ocean_menu_social_links_bg":"","ocean_menu_social_hover_links_bg":"","ocean_menu_social_links_color":"","ocean_menu_social_hover_links_color":"","ocean_disable_title":"default","ocean_disable_heading":"default","ocean_post_title":"","ocean_post_subheading":"","ocean_post_title_style":"","ocean_post_title_background_color":"","ocean_post_title_background":0,"ocean_post_title_bg_image_position":"","ocean_post_title_bg_image_attachment":"","ocean_post_title_bg_image_repeat":"","ocean_post_title_bg_image_size":"","ocean_post_title_height":0,"ocean_post_title_bg_overlay":0.5,"ocean_post_title_bg_overlay_color":"","ocean_disable_breadcrumbs":"default","ocean_breadcrumbs_color":"","ocean_breadcrumbs_separator_color":"","ocean_breadcrumbs_links_color":"","ocean_breadcrumbs_links_hover_color":"","ocean_display_footer_widgets":"default","ocean_display_footer_bottom":"default","ocean_custom_footer_template":"","footnotes":""},"class_list":["post-1280","page","type-page","status-publish","hentry","entry"],"_links":{"self":[{"href":"https:\/\/autrementphoto.com\/index.php\/wp-json\/wp\/v2\/pages\/1280","targetHints":{"allow":["GET"]}}],"collection":[{"href":"https:\/\/autrementphoto.com\/index.php\/wp-json\/wp\/v2\/pages"}],"about":[{"href":"https:\/\/autrementphoto.com\/index.php\/wp-json\/wp\/v2\/types\/page"}],"author":[{"embeddable":true,"href":"https:\/\/autrementphoto.com\/index.php\/wp-json\/wp\/v2\/users\/1"}],"replies":[{"embeddable":true,"href":"https:\/\/autrementphoto.com\/index.php\/wp-json\/wp\/v2\/comments?post=1280"}],"version-history":[{"count":8,"href":"https:\/\/autrementphoto.com\/index.php\/wp-json\/wp\/v2\/pages\/1280\/revisions"}],"predecessor-version":[{"id":1498,"href":"https:\/\/autrementphoto.com\/index.php\/wp-json\/wp\/v2\/pages\/1280\/revisions\/1498"}],"wp:attachment":[{"href":"https:\/\/autrementphoto.com\/index.php\/wp-json\/wp\/v2\/media?parent=1280"}],"curies":[{"name":"wp","href":"https:\/\/api.w.org\/{rel}","templated":true}]}}