{"id":1281,"date":"2024-01-23T21:52:36","date_gmt":"2024-01-23T20:52:36","guid":{"rendered":"https:\/\/autrementphoto.com\/?page_id=1281"},"modified":"2024-04-20T21:25:17","modified_gmt":"2024-04-20T19:25:17","slug":"apparitions","status":"publish","type":"page","link":"https:\/\/autrementphoto.com\/index.php\/apparitions\/","title":{"rendered":"Apparitions"},"content":{"rendered":"\t\t<div data-elementor-type=\"wp-page\" data-elementor-id=\"1281\" class=\"elementor elementor-1281\">\n\t\t\t\t<div class=\"elementor-element elementor-element-b4a42a3 e-flex e-con-boxed e-con e-parent\" data-id=\"b4a42a3\" data-element_type=\"container\" data-e-type=\"container\">\n\t\t\t\t\t<div class=\"e-con-inner\">\n\t\t\t\t<div class=\"elementor-element elementor-element-6f33c2f elementor-widget elementor-widget-image\" data-id=\"6f33c2f\" data-element_type=\"widget\" data-e-type=\"widget\" data-widget_type=\"image.default\">\n\t\t\t\t<div class=\"elementor-widget-container\">\n\t\t\t\t\t\t\t\t\t\t\t\t\t\t\t<img fetchpriority=\"high\" decoding=\"async\" width=\"1024\" height=\"684\" src=\"https:\/\/autrementphoto.com\/wp-content\/uploads\/2023\/12\/11-DSC_9716-w1500-1024x684.jpg\" class=\"attachment-large size-large wp-image-1178\" alt=\"\" srcset=\"https:\/\/autrementphoto.com\/wp-content\/uploads\/2023\/12\/11-DSC_9716-w1500-1024x684.jpg 1024w, https:\/\/autrementphoto.com\/wp-content\/uploads\/2023\/12\/11-DSC_9716-w1500-300x200.jpg 300w, https:\/\/autrementphoto.com\/wp-content\/uploads\/2023\/12\/11-DSC_9716-w1500-768x513.jpg 768w, https:\/\/autrementphoto.com\/wp-content\/uploads\/2023\/12\/11-DSC_9716-w1500.jpg 1500w\" sizes=\"(max-width: 1024px) 100vw, 1024px\" \/>\t\t\t\t\t\t\t\t\t\t\t\t\t\t\t<\/div>\n\t\t\t\t<\/div>\n\t\t\t\t\t<\/div>\n\t\t\t\t<\/div>\n\t\t<div class=\"elementor-element elementor-element-36cff30 e-flex e-con-boxed e-con e-parent\" data-id=\"36cff30\" data-element_type=\"container\" data-e-type=\"container\">\n\t\t\t\t\t<div class=\"e-con-inner\">\n\t\t\t\t<div class=\"elementor-element elementor-element-7c30277 elementor-widget elementor-widget-text-editor\" data-id=\"7c30277\" data-element_type=\"widget\" data-e-type=\"widget\" data-widget_type=\"text-editor.default\">\n\t\t\t\t<div class=\"elementor-widget-container\">\n\t\t\t\t\t\t\t\t\t<p><span style=\"font-weight: 400;\">Ma premi\u00e8re exposition photographique repr\u00e9sente un jalon d\u00e9terminant dans mon parcours artistique. Elle incarne une p\u00e9riode charni\u00e8re de ma vie, marqu\u00e9e par des bouleversements et des transformations, o\u00f9 chaque \u00e9motion a fa\u00e7onn\u00e9 l\u2019\u0153uvre que je pr\u00e9sente aujourd\u2019hui. Cette exposition est le fruit d\u2019un courage nouvellement d\u00e9couvert, celui de partager mes visions les plus intimes avec le monde.<\/span><\/p><p><span style=\"font-weight: 400;\">C\u2019est dans ce contexte de changement, oscillant entre l\u2019ombre et la lumi\u00e8re, que j\u2019ai trouv\u00e9 la force de r\u00e9v\u00e9ler mes cr\u00e9ations. Une amie , v\u00e9ritable phare dans l\u2019incertitude, m\u2019a guid\u00e9 vers cette voie de l\u2019exposition. Elle m\u2019a appris qu\u2019exposer son art, c\u2019est aussi se d\u00e9voiler soi-m\u00eame, avec audace et vuln\u00e9rabilit\u00e9.<\/span><\/p><p><span style=\"font-weight: 400;\">Chaque clich\u00e9 est une fen\u00eatre ouverte sur mes exp\u00e9riences, mes r\u00eaves et mes espoirs. Ils sont le reflet d\u2019un instant, d\u2019une \u00e9motion, d\u2019une pens\u00e9e fugace captur\u00e9e \u00e0 jamais. Cette exposition est une invitation \u00e0 voyager \u00e0 travers mon objectif, \u00e0 explorer les profondeurs de mon univers artistique.<\/span><\/p>\t\t\t\t\t\t\t\t<\/div>\n\t\t\t\t<\/div>\n\t\t\t\t\t<\/div>\n\t\t\t\t<\/div>\n\t\t<div class=\"elementor-element elementor-element-704bbdc e-flex e-con-boxed e-con e-parent\" data-id=\"704bbdc\" data-element_type=\"container\" data-e-type=\"container\">\n\t\t\t\t\t<div class=\"e-con-inner\">\n\t\t\t\t<div class=\"elementor-element elementor-element-00b4cc7 elementor-widget elementor-widget-shortcode\" data-id=\"00b4cc7\" data-element_type=\"widget\" data-e-type=\"widget\" data-widget_type=\"shortcode.default\">\n\t\t\t\t<div class=\"elementor-widget-container\">\n\t\t\t\t\t\t\t<div class=\"elementor-shortcode\"><!-- Final Tiles Grid Gallery for WordPress v3.6.13 free --><style>#ftg-33 .tile .icon { color:#ffffff; }#ftg-33 .ftg-items .loading-bar i { background:#666; }#ftg-33 .ftg-items .loading-bar { background:#fff; }#ftg-33 .tile .icon { font-size:12px; }#ftg-33 .tile .icon { margin: -6px 0 0 -6px; }#ftg-33 .tile .caption-block .text-wrapper span.text { font-size:12px; }#ftg-33 .tile .caption-outside .text-wrapper span.text { font-size:12px; }#ftg-33 .tile .caption-block .text-wrapper span.title { font-size:14px; }#ftg-33 .tile .caption-outside .text-wrapper span.title { font-size:14px; }#ftg-33 .tile { background-color: transparent; }#ftg-33 .tile .caption-block .text-wrapper span.text { color: #ffffff; }#ftg-33 .tile .caption-block .text-wrapper span.title { color: #ffffff; }#ftg-33 .tile .caption-outside .text-wrapper span.text { color: #ffffff; }#ftg-33 .tile .caption-outside .text-wrapper span.title { color: #ffffff; }#ftg-33 .tile .ftg-social a { color: #ffffff; }#ftg-33 .tile .caption-block { transition-duration:0.25s; }#ftg-33 .tile .tile-inner:before { background-color: #000000; }#ftg-33 .tile .tile-inner:before { background-color: rgba(0, 0, 0, 0.8); }#ftg-33 .tile:hover img {-moz-transform: -moz-rotate(0deg) -moz-scale(0) ;-webkit-transform: -webkit-rotate(0deg) -webkit-scale(0) ;-o-transform: -o-rotate(0deg) -o-scale(0) ;-ms-transform: -ms-rotate(0deg) -ms-scale(0) ;transform: rotate(0deg) scale(0) ;}<\/style><a name=\"3\"><\/a><div class=\"final-tiles-gallery  ftg-hover-enabled caption-inside  caption-none caption-middle caption-center\" id=\"ftg-33\" style=\"width: 100%\"><div class='ftg-items'><div class='loading-bar'><i><\/i><\/div><div  class='tile ftg-preload  '><a title=\"2-DSC_0006-w1500\" data-lightbox='ftg-33' rel='ftg-33'  class=' tile-inner  ftg-lightbox' href='https:\/\/autrementphoto.com\/wp-content\/uploads\/2023\/12\/2-DSC_0006-w1500-680x1024.jpg' ><img alt='2-DSC_0006-w1500' class='item skip-lazy' data-class='item' data-ftg-source='https:\/\/autrementphoto.com\/wp-content\/uploads\/2023\/12\/2-DSC_0006-w1500-680x1024.jpg' src='https:\/\/autrementphoto.com\/wp-content\/uploads\/2023\/12\/2-DSC_0006-w1500-680x1024.jpg' width='680' height='1024' \/><div class='caption-block'><div class='text-wrapper'><span class='title'>2-DSC_0006-w1500<\/span><\/div><\/div><\/a><div class='ftg-social'><\/div><\/div><div  class='tile ftg-preload  '><a title=\"1-autoportrait-w1500\" data-lightbox='ftg-33' rel='ftg-33'  class=' tile-inner  ftg-lightbox' href='https:\/\/autrementphoto.com\/wp-content\/uploads\/2023\/12\/1-autoportrait-w1500-681x1024.jpg' ><img alt='1-autoportrait-w1500' class='item skip-lazy' data-class='item' data-ftg-source='https:\/\/autrementphoto.com\/wp-content\/uploads\/2023\/12\/1-autoportrait-w1500-681x1024.jpg' src='https:\/\/autrementphoto.com\/wp-content\/uploads\/2023\/12\/1-autoportrait-w1500-681x1024.jpg' width='681' height='1024' \/><div class='caption-block'><div class='text-wrapper'><span class='title'>1-autoportrait-w1500<\/span><\/div><\/div><\/a><div class='ftg-social'><\/div><\/div><div  class='tile ftg-preload  '><a title=\"3-DSC_0074-w1500\" data-lightbox='ftg-33' rel='ftg-33'  class=' tile-inner  ftg-lightbox' href='https:\/\/autrementphoto.com\/wp-content\/uploads\/2023\/12\/3-DSC_0074-w1500-1024x711.jpg' ><img alt='3-DSC_0074-w1500' class='item skip-lazy' data-class='item' data-ftg-source='https:\/\/autrementphoto.com\/wp-content\/uploads\/2023\/12\/3-DSC_0074-w1500-1024x711.jpg' src='https:\/\/autrementphoto.com\/wp-content\/uploads\/2023\/12\/3-DSC_0074-w1500-1024x711.jpg' width='1024' height='711' \/><div class='caption-block'><div class='text-wrapper'><span class='title'>3-DSC_0074-w1500<\/span><\/div><\/div><\/a><div class='ftg-social'><\/div><\/div><div  class='tile ftg-preload  '><a title=\"4-DSC_0057-w1500\" data-lightbox='ftg-33' rel='ftg-33'  class=' tile-inner  ftg-lightbox' href='https:\/\/autrementphoto.com\/wp-content\/uploads\/2023\/12\/4-DSC_0057-w1500-682x1024.jpg' ><img alt='4-DSC_0057-w1500' class='item skip-lazy' data-class='item' data-ftg-source='https:\/\/autrementphoto.com\/wp-content\/uploads\/2023\/12\/4-DSC_0057-w1500-682x1024.jpg' src='https:\/\/autrementphoto.com\/wp-content\/uploads\/2023\/12\/4-DSC_0057-w1500-682x1024.jpg' width='682' height='1024' \/><div class='caption-block'><div class='text-wrapper'><span class='title'>4-DSC_0057-w1500<\/span><\/div><\/div><\/a><div class='ftg-social'><\/div><\/div><div  class='tile ftg-preload  '><a title=\"5-DSC_0042-w1500\" data-lightbox='ftg-33' rel='ftg-33'  class=' tile-inner  ftg-lightbox' href='https:\/\/autrementphoto.com\/wp-content\/uploads\/2023\/12\/5-DSC_0042-w1500-687x1024.jpg' ><img alt='5-DSC_0042-w1500' class='item skip-lazy' data-class='item' data-ftg-source='https:\/\/autrementphoto.com\/wp-content\/uploads\/2023\/12\/5-DSC_0042-w1500-687x1024.jpg' src='https:\/\/autrementphoto.com\/wp-content\/uploads\/2023\/12\/5-DSC_0042-w1500-687x1024.jpg' width='687' height='1024' \/><div class='caption-block'><div class='text-wrapper'><span class='title'>5-DSC_0042-w1500<\/span><\/div><\/div><\/a><div class='ftg-social'><\/div><\/div><div  class='tile ftg-preload  '><a title=\"6-DSC_0064-w1500\" data-lightbox='ftg-33' rel='ftg-33'  class=' tile-inner  ftg-lightbox' href='https:\/\/autrementphoto.com\/wp-content\/uploads\/2023\/12\/6-DSC_0064-w1500-1024x687.jpg' ><img alt='6-DSC_0064-w1500' class='item skip-lazy' data-class='item' data-ftg-source='https:\/\/autrementphoto.com\/wp-content\/uploads\/2023\/12\/6-DSC_0064-w1500-1024x687.jpg' src='https:\/\/autrementphoto.com\/wp-content\/uploads\/2023\/12\/6-DSC_0064-w1500-1024x687.jpg' width='1024' height='687' \/><div class='caption-block'><div class='text-wrapper'><span class='title'>6-DSC_0064-w1500<\/span><\/div><\/div><\/a><div class='ftg-social'><\/div><\/div><div  class='tile ftg-preload  '><a title=\"7-DSC_0052-w1500\" data-lightbox='ftg-33' rel='ftg-33'  class=' tile-inner  ftg-lightbox' href='https:\/\/autrementphoto.com\/wp-content\/uploads\/2023\/12\/7-DSC_0052-w1500-1024x745.jpg' ><img alt='7-DSC_0052-w1500' class='item skip-lazy' data-class='item' data-ftg-source='https:\/\/autrementphoto.com\/wp-content\/uploads\/2023\/12\/7-DSC_0052-w1500-1024x745.jpg' src='https:\/\/autrementphoto.com\/wp-content\/uploads\/2023\/12\/7-DSC_0052-w1500-1024x745.jpg' width='1024' height='745' \/><div class='caption-block'><div class='text-wrapper'><span class='title'>7-DSC_0052-w1500<\/span><\/div><\/div><\/a><div class='ftg-social'><\/div><\/div><div  class='tile ftg-preload  '><a title=\"8-DSC_0002-w1500\" data-lightbox='ftg-33' rel='ftg-33'  class=' tile-inner  ftg-lightbox' href='https:\/\/autrementphoto.com\/wp-content\/uploads\/2023\/12\/8-DSC_0002-w1500-1024x699.jpg' ><img alt='8-DSC_0002-w1500' class='item skip-lazy' data-class='item' data-ftg-source='https:\/\/autrementphoto.com\/wp-content\/uploads\/2023\/12\/8-DSC_0002-w1500-1024x699.jpg' src='https:\/\/autrementphoto.com\/wp-content\/uploads\/2023\/12\/8-DSC_0002-w1500-1024x699.jpg' width='1024' height='699' \/><div class='caption-block'><div class='text-wrapper'><span class='title'>8-DSC_0002-w1500<\/span><\/div><\/div><\/a><div class='ftg-social'><\/div><\/div><div  class='tile ftg-preload  '><a title=\"9-DSC_0019-w1500\" data-lightbox='ftg-33' rel='ftg-33'  class=' tile-inner  ftg-lightbox' href='https:\/\/autrementphoto.com\/wp-content\/uploads\/2023\/12\/9-DSC_0019-w1500-828x1024.jpg' ><img alt='9-DSC_0019-w1500' class='item skip-lazy' data-class='item' data-ftg-source='https:\/\/autrementphoto.com\/wp-content\/uploads\/2023\/12\/9-DSC_0019-w1500-828x1024.jpg' src='https:\/\/autrementphoto.com\/wp-content\/uploads\/2023\/12\/9-DSC_0019-w1500-828x1024.jpg' width='828' height='1024' \/><div class='caption-block'><div class='text-wrapper'><span class='title'>9-DSC_0019-w1500<\/span><\/div><\/div><\/a><div class='ftg-social'><\/div><\/div><div  class='tile ftg-preload  '><a title=\"10-DSC_0278-w1500\" data-lightbox='ftg-33' rel='ftg-33'  class=' tile-inner  ftg-lightbox' href='https:\/\/autrementphoto.com\/wp-content\/uploads\/2023\/12\/10-DSC_0278-w1500-1024x687.jpg' ><img alt='10-DSC_0278-w1500' class='item skip-lazy' data-class='item' data-ftg-source='https:\/\/autrementphoto.com\/wp-content\/uploads\/2023\/12\/10-DSC_0278-w1500-1024x687.jpg' src='https:\/\/autrementphoto.com\/wp-content\/uploads\/2023\/12\/10-DSC_0278-w1500-1024x687.jpg' width='1024' height='687' \/><div class='caption-block'><div class='text-wrapper'><span class='title'>10-DSC_0278-w1500<\/span><\/div><\/div><\/a><div class='ftg-social'><\/div><\/div><div  class='tile ftg-preload  '><a title=\"11-DSC_9716-w1500\" data-lightbox='ftg-33' rel='ftg-33'  class=' tile-inner  ftg-lightbox' href='https:\/\/autrementphoto.com\/wp-content\/uploads\/2023\/12\/11-DSC_9716-w1500-1024x684.jpg' ><img alt='11-DSC_9716-w1500' class='item skip-lazy' data-class='item' data-ftg-source='https:\/\/autrementphoto.com\/wp-content\/uploads\/2023\/12\/11-DSC_9716-w1500-1024x684.jpg' src='https:\/\/autrementphoto.com\/wp-content\/uploads\/2023\/12\/11-DSC_9716-w1500-1024x684.jpg' width='1024' height='684' \/><div class='caption-block'><div class='text-wrapper'><span class='title'>11-DSC_9716-w1500<\/span><\/div><\/div><\/a><div class='ftg-social'><\/div><\/div><div  class='tile ftg-preload  '><a title=\"12-DSC_1143-w1500\" data-lightbox='ftg-33' rel='ftg-33'  class=' tile-inner  ftg-lightbox' href='https:\/\/autrementphoto.com\/wp-content\/uploads\/2023\/12\/12-DSC_1143-w1500-681x1024.jpg' ><img alt='12-DSC_1143-w1500' class='item skip-lazy' data-class='item' data-ftg-source='https:\/\/autrementphoto.com\/wp-content\/uploads\/2023\/12\/12-DSC_1143-w1500-681x1024.jpg' src='https:\/\/autrementphoto.com\/wp-content\/uploads\/2023\/12\/12-DSC_1143-w1500-681x1024.jpg' width='681' height='1024' \/><div class='caption-block'><div class='text-wrapper'><span class='title'>12-DSC_1143-w1500<\/span><\/div><\/div><\/a><div class='ftg-social'><\/div><\/div><div  class='tile ftg-preload  '><a title=\"13-DSC_0025-w1500\" data-lightbox='ftg-33' rel='ftg-33'  class=' tile-inner  ftg-lightbox' href='https:\/\/autrementphoto.com\/wp-content\/uploads\/2023\/12\/13-DSC_0025-w1500-1024x1024.jpg' ><img alt='13-DSC_0025-w1500' class='item skip-lazy' data-class='item' data-ftg-source='https:\/\/autrementphoto.com\/wp-content\/uploads\/2023\/12\/13-DSC_0025-w1500-1024x1024.jpg' src='https:\/\/autrementphoto.com\/wp-content\/uploads\/2023\/12\/13-DSC_0025-w1500-1024x1024.jpg' width='1024' height='1024' \/><div class='caption-block'><div class='text-wrapper'><span class='title'>13-DSC_0025-w1500<\/span><\/div><\/div><\/a><div class='ftg-social'><\/div><\/div><div  class='tile ftg-preload  '><a title=\"14-DSC_0013-w1500\" data-lightbox='ftg-33' rel='ftg-33'  class=' tile-inner  ftg-lightbox' href='https:\/\/autrementphoto.com\/wp-content\/uploads\/2023\/12\/14-DSC_0013-w1500-1019x1024.jpg' ><img alt='14-DSC_0013-w1500' class='item skip-lazy' data-class='item' data-ftg-source='https:\/\/autrementphoto.com\/wp-content\/uploads\/2023\/12\/14-DSC_0013-w1500-1019x1024.jpg' src='https:\/\/autrementphoto.com\/wp-content\/uploads\/2023\/12\/14-DSC_0013-w1500-1019x1024.jpg' width='1019' height='1024' \/><div class='caption-block'><div class='text-wrapper'><span class='title'>14-DSC_0013-w1500<\/span><\/div><\/div><\/a><div class='ftg-social'><\/div><\/div><div  class='tile ftg-preload  '><a title=\"15-DSC_0078-w1500\" data-lightbox='ftg-33' rel='ftg-33'  class=' tile-inner  ftg-lightbox' href='https:\/\/autrementphoto.com\/wp-content\/uploads\/2023\/12\/15-DSC_0078-w1500-687x1024.jpg' ><img alt='15-DSC_0078-w1500' class='item skip-lazy' data-class='item' data-ftg-source='https:\/\/autrementphoto.com\/wp-content\/uploads\/2023\/12\/15-DSC_0078-w1500-687x1024.jpg' src='https:\/\/autrementphoto.com\/wp-content\/uploads\/2023\/12\/15-DSC_0078-w1500-687x1024.jpg' width='687' height='1024' \/><div class='caption-block'><div class='text-wrapper'><span class='title'>15-DSC_0078-w1500<\/span><\/div><\/div><\/a><div class='ftg-social'><\/div><\/div><div  class='tile ftg-preload  '><a title=\"16-Rhum-w1500\" data-lightbox='ftg-33' rel='ftg-33'  class=' tile-inner  ftg-lightbox' href='https:\/\/autrementphoto.com\/wp-content\/uploads\/2023\/12\/16-Rhum-w1500-1024x1024.jpg' ><img alt='16-Rhum-w1500' class='item skip-lazy' data-class='item' data-ftg-source='https:\/\/autrementphoto.com\/wp-content\/uploads\/2023\/12\/16-Rhum-w1500-1024x1024.jpg' src='https:\/\/autrementphoto.com\/wp-content\/uploads\/2023\/12\/16-Rhum-w1500-1024x1024.jpg' width='1024' height='1024' \/><div class='caption-block'><div class='text-wrapper'><span class='title'>16-Rhum-w1500<\/span><\/div><\/div><\/a><div class='ftg-social'><\/div><\/div><\/div><\/div><\/div>\n\t\t\t\t\t\t<\/div>\n\t\t\t\t<\/div>\n\t\t\t\t\t<\/div>\n\t\t\t\t<\/div>\n\t\t\t\t<\/div>\n\t\t","protected":false},"excerpt":{"rendered":"<p>Ma premi\u00e8re exposition photographique repr\u00e9sente un jalon d\u00e9terminant dans mon parcours artistique. Elle incarne une p\u00e9riode charni\u00e8re de ma vie, marqu\u00e9e par des bouleversements et des transformations, o\u00f9 chaque \u00e9motion a fa\u00e7onn\u00e9 l\u2019\u0153uvre que je pr\u00e9sente aujourd\u2019hui. Cette exposition est le fruit d\u2019un courage nouvellement d\u00e9couvert, celui de partager mes visions les plus intimes avec [&hellip;]<\/p>\n","protected":false},"author":1,"featured_media":0,"parent":0,"menu_order":0,"comment_status":"closed","ping_status":"closed","template":"","meta":{"ocean_post_layout":"","ocean_both_sidebars_style":"","ocean_both_sidebars_content_width":0,"ocean_both_sidebars_sidebars_width":0,"ocean_sidebar":"","ocean_second_sidebar":"","ocean_disable_margins":"enable","ocean_add_body_class":"","ocean_shortcode_before_top_bar":"","ocean_shortcode_after_top_bar":"","ocean_shortcode_before_header":"","ocean_shortcode_after_header":"","ocean_has_shortcode":"","ocean_shortcode_after_title":"","ocean_shortcode_before_footer_widgets":"","ocean_shortcode_after_footer_widgets":"","ocean_shortcode_before_footer_bottom":"","ocean_shortcode_after_footer_bottom":"","ocean_display_top_bar":"default","ocean_display_header":"default","ocean_header_style":"","ocean_center_header_left_menu":"","ocean_custom_header_template":"","ocean_custom_logo":0,"ocean_custom_retina_logo":0,"ocean_custom_logo_max_width":0,"ocean_custom_logo_tablet_max_width":0,"ocean_custom_logo_mobile_max_width":0,"ocean_custom_logo_max_height":0,"ocean_custom_logo_tablet_max_height":0,"ocean_custom_logo_mobile_max_height":0,"ocean_header_custom_menu":"","ocean_menu_typo_font_family":"","ocean_menu_typo_font_subset":"","ocean_menu_typo_font_size":0,"ocean_menu_typo_font_size_tablet":0,"ocean_menu_typo_font_size_mobile":0,"ocean_menu_typo_font_size_unit":"px","ocean_menu_typo_font_weight":"","ocean_menu_typo_font_weight_tablet":"","ocean_menu_typo_font_weight_mobile":"","ocean_menu_typo_transform":"","ocean_menu_typo_transform_tablet":"","ocean_menu_typo_transform_mobile":"","ocean_menu_typo_line_height":0,"ocean_menu_typo_line_height_tablet":0,"ocean_menu_typo_line_height_mobile":0,"ocean_menu_typo_line_height_unit":"","ocean_menu_typo_spacing":0,"ocean_menu_typo_spacing_tablet":0,"ocean_menu_typo_spacing_mobile":0,"ocean_menu_typo_spacing_unit":"","ocean_menu_link_color":"","ocean_menu_link_color_hover":"","ocean_menu_link_color_active":"","ocean_menu_link_background":"","ocean_menu_link_hover_background":"","ocean_menu_link_active_background":"","ocean_menu_social_links_bg":"","ocean_menu_social_hover_links_bg":"","ocean_menu_social_links_color":"","ocean_menu_social_hover_links_color":"","ocean_disable_title":"default","ocean_disable_heading":"default","ocean_post_title":"","ocean_post_subheading":"","ocean_post_title_style":"","ocean_post_title_background_color":"","ocean_post_title_background":0,"ocean_post_title_bg_image_position":"","ocean_post_title_bg_image_attachment":"","ocean_post_title_bg_image_repeat":"","ocean_post_title_bg_image_size":"","ocean_post_title_height":0,"ocean_post_title_bg_overlay":0.5,"ocean_post_title_bg_overlay_color":"","ocean_disable_breadcrumbs":"default","ocean_breadcrumbs_color":"","ocean_breadcrumbs_separator_color":"","ocean_breadcrumbs_links_color":"","ocean_breadcrumbs_links_hover_color":"","ocean_display_footer_widgets":"default","ocean_display_footer_bottom":"default","ocean_custom_footer_template":"","footnotes":""},"class_list":["post-1281","page","type-page","status-publish","hentry","entry"],"_links":{"self":[{"href":"https:\/\/autrementphoto.com\/index.php\/wp-json\/wp\/v2\/pages\/1281","targetHints":{"allow":["GET"]}}],"collection":[{"href":"https:\/\/autrementphoto.com\/index.php\/wp-json\/wp\/v2\/pages"}],"about":[{"href":"https:\/\/autrementphoto.com\/index.php\/wp-json\/wp\/v2\/types\/page"}],"author":[{"embeddable":true,"href":"https:\/\/autrementphoto.com\/index.php\/wp-json\/wp\/v2\/users\/1"}],"replies":[{"embeddable":true,"href":"https:\/\/autrementphoto.com\/index.php\/wp-json\/wp\/v2\/comments?post=1281"}],"version-history":[{"count":10,"href":"https:\/\/autrementphoto.com\/index.php\/wp-json\/wp\/v2\/pages\/1281\/revisions"}],"predecessor-version":[{"id":1495,"href":"https:\/\/autrementphoto.com\/index.php\/wp-json\/wp\/v2\/pages\/1281\/revisions\/1495"}],"wp:attachment":[{"href":"https:\/\/autrementphoto.com\/index.php\/wp-json\/wp\/v2\/media?parent=1281"}],"curies":[{"name":"wp","href":"https:\/\/api.w.org\/{rel}","templated":true}]}}