{"id":1303,"date":"2024-01-23T21:56:33","date_gmt":"2024-01-23T20:56:33","guid":{"rendered":"https:\/\/autrementphoto.com\/?page_id=1303"},"modified":"2024-04-24T23:32:36","modified_gmt":"2024-04-24T21:32:36","slug":"sans-regard","status":"publish","type":"page","link":"https:\/\/autrementphoto.com\/index.php\/sans-regard\/","title":{"rendered":"Sans regard"},"content":{"rendered":"\t\t<div data-elementor-type=\"wp-page\" data-elementor-id=\"1303\" class=\"elementor elementor-1303\">\n\t\t\t\t<div class=\"elementor-element elementor-element-bd19077 e-flex e-con-boxed e-con e-parent\" data-id=\"bd19077\" data-element_type=\"container\" data-e-type=\"container\">\n\t\t\t\t\t<div class=\"e-con-inner\">\n\t\t\t\t<div class=\"elementor-element elementor-element-875f1e9 elementor-widget elementor-widget-image\" data-id=\"875f1e9\" data-element_type=\"widget\" data-e-type=\"widget\" data-widget_type=\"image.default\">\n\t\t\t\t<div class=\"elementor-widget-container\">\n\t\t\t\t\t\t\t\t\t\t\t\t\t\t\t<img fetchpriority=\"high\" decoding=\"async\" width=\"1024\" height=\"683\" src=\"https:\/\/autrementphoto.com\/wp-content\/uploads\/2024\/04\/DSC_4781-Copie-w1500-1024x683.jpg\" class=\"attachment-large size-large wp-image-1510\" alt=\"\" srcset=\"https:\/\/autrementphoto.com\/wp-content\/uploads\/2024\/04\/DSC_4781-Copie-w1500-1024x683.jpg 1024w, https:\/\/autrementphoto.com\/wp-content\/uploads\/2024\/04\/DSC_4781-Copie-w1500-300x200.jpg 300w, https:\/\/autrementphoto.com\/wp-content\/uploads\/2024\/04\/DSC_4781-Copie-w1500-768x512.jpg 768w, https:\/\/autrementphoto.com\/wp-content\/uploads\/2024\/04\/DSC_4781-Copie-w1500.jpg 1500w\" sizes=\"(max-width: 1024px) 100vw, 1024px\" \/>\t\t\t\t\t\t\t\t\t\t\t\t\t\t\t<\/div>\n\t\t\t\t<\/div>\n\t\t\t\t\t<\/div>\n\t\t\t\t<\/div>\n\t\t<div class=\"elementor-element elementor-element-771495b e-flex e-con-boxed e-con e-parent\" data-id=\"771495b\" data-element_type=\"container\" data-e-type=\"container\">\n\t\t\t\t\t<div class=\"e-con-inner\">\n\t\t\t\t<div class=\"elementor-element elementor-element-046b312 elementor-widget elementor-widget-text-editor\" data-id=\"046b312\" data-element_type=\"widget\" data-e-type=\"widget\" data-widget_type=\"text-editor.default\">\n\t\t\t\t<div class=\"elementor-widget-container\">\n\t\t\t\t\t\t\t\t\t<p><span style=\"font-weight: 400;\">A travers cette balade, la petite fille veut nous montrer une s\u00e9rie d&rsquo;\u00e9motions, croiser le chemin de plusieurs femmes. Toutes ont un point en commun, ces portraits sont sans regard. Le regard du mod\u00e8le, en photographie, est le point essentiel pour r\u00e9ussir un portrait, c&rsquo;est ce regard qui nous capte, nous \u00e9meut, peut nous faire oublier tout ce qu&rsquo;il y a autour&#8230;<\/span><\/p><p><span style=\"font-weight: 400;\">Le regard c&rsquo;est par lui que passe toute l&rsquo;\u00e9motion,&#8230; Vous n&rsquo;en <\/span>croiserez <span style=\"font-weight: 400;\">aucun au fil de cette balade. Cette s\u00e9rie de photos vous raconte une histoire, ou peut \u00eatre plusieurs. Serez vous touch\u00e9 cependant par une de ces femmes, sans m\u00eame croiser leur regard, sans voir leur expression? Laissez vous guider par cette petite fille&#8230;<\/span><\/p><p>\u00a0<\/p>\t\t\t\t\t\t\t\t<\/div>\n\t\t\t\t<\/div>\n\t\t\t\t\t<\/div>\n\t\t\t\t<\/div>\n\t\t<div class=\"elementor-element elementor-element-bd68ce4 e-flex e-con-boxed e-con e-parent\" data-id=\"bd68ce4\" data-element_type=\"container\" data-e-type=\"container\">\n\t\t\t\t\t<div class=\"e-con-inner\">\n\t\t\t\t<div class=\"elementor-element elementor-element-fc77fd2 elementor-widget elementor-widget-shortcode\" data-id=\"fc77fd2\" data-element_type=\"widget\" data-e-type=\"widget\" data-widget_type=\"shortcode.default\">\n\t\t\t\t<div class=\"elementor-widget-container\">\n\t\t\t\t\t\t\t<div class=\"elementor-shortcode\"><!-- Final Tiles Grid Gallery for WordPress v3.6.13 free --><style>#ftg-77 .tile .icon { color:#ffffff; }#ftg-77 .ftg-items .loading-bar i { background:#666; }#ftg-77 .ftg-items .loading-bar { background:#fff; }#ftg-77 .tile .icon { font-size:12px; }#ftg-77 .tile .icon { margin: -6px 0 0 -6px; }#ftg-77 .tile .caption-block .text-wrapper span.text { font-size:12px; }#ftg-77 .tile .caption-outside .text-wrapper span.text { font-size:12px; }#ftg-77 .tile .caption-block .text-wrapper span.title { font-size:14px; }#ftg-77 .tile .caption-outside .text-wrapper span.title { font-size:14px; }#ftg-77 .tile { background-color: transparent; }#ftg-77 .tile .caption-block .text-wrapper span.text { color: #ffffff; }#ftg-77 .tile .caption-block .text-wrapper span.title { color: #ffffff; }#ftg-77 .tile .caption-outside .text-wrapper span.text { color: #ffffff; }#ftg-77 .tile .caption-outside .text-wrapper span.title { color: #ffffff; }#ftg-77 .tile .ftg-social a { color: #ffffff; }#ftg-77 .tile .caption-block { transition-duration:0.25s; }#ftg-77 .tile .tile-inner:before { background-color: #000000; }#ftg-77 .tile .tile-inner:before { background-color: rgba(0, 0, 0, 0.8); }#ftg-77 .tile:hover img {-moz-transform: -moz-rotate(0deg) -moz-scale(0) ;-webkit-transform: -webkit-rotate(0deg) -webkit-scale(0) ;-o-transform: -o-rotate(0deg) -o-scale(0) ;-ms-transform: -ms-rotate(0deg) -ms-scale(0) ;transform: rotate(0deg) scale(0) ;}<\/style><a name=\"7\"><\/a><div class=\"final-tiles-gallery  ftg-hover-enabled caption-inside  caption-none caption-middle caption-center\" id=\"ftg-77\" style=\"width: 100%\"><div class='ftg-items'><div class='loading-bar'><i><\/i><\/div><div  class='tile ftg-preload  '><a title=\"1DSC_9360bis\" data-lightbox='ftg-77' rel='ftg-77'  class=' tile-inner  ftg-lightbox' href='https:\/\/autrementphoto.com\/wp-content\/uploads\/2024\/04\/1DSC_9360bis-682x1024.jpg' ><img alt='1DSC_9360bis' class='item skip-lazy' data-class='item' data-ftg-source='https:\/\/autrementphoto.com\/wp-content\/uploads\/2024\/04\/1DSC_9360bis-682x1024.jpg' src='https:\/\/autrementphoto.com\/wp-content\/uploads\/2024\/04\/1DSC_9360bis-682x1024.jpg' width='682' height='1024' \/><div class='caption-block'><div class='text-wrapper'><span class='title'>1DSC_9360bis<\/span><\/div><\/div><\/a><div class='ftg-social'><\/div><\/div><div  class='tile ftg-preload  '><a title=\"DSC_0557.JPGBIS\" data-lightbox='ftg-77' rel='ftg-77'  class=' tile-inner  ftg-lightbox' href='https:\/\/autrementphoto.com\/wp-content\/uploads\/2024\/04\/DSC_0557.JPGBIS-681x1024.jpg' ><img alt='DSC_0557.JPGBIS' class='item skip-lazy' data-class='item' data-ftg-source='https:\/\/autrementphoto.com\/wp-content\/uploads\/2024\/04\/DSC_0557.JPGBIS-681x1024.jpg' src='https:\/\/autrementphoto.com\/wp-content\/uploads\/2024\/04\/DSC_0557.JPGBIS-681x1024.jpg' width='681' height='1024' \/><div class='caption-block'><div class='text-wrapper'><span class='title'>DSC_0557.JPGBIS<\/span><\/div><\/div><\/a><div class='ftg-social'><\/div><\/div><div  class='tile ftg-preload  '><a title=\"DSC_4320 bis\" data-lightbox='ftg-77' rel='ftg-77'  class=' tile-inner  ftg-lightbox' href='https:\/\/autrementphoto.com\/wp-content\/uploads\/2024\/04\/DSC_4320-bis-1024x819.jpg' ><img alt='DSC_4320 bis' class='item skip-lazy' data-class='item' data-ftg-source='https:\/\/autrementphoto.com\/wp-content\/uploads\/2024\/04\/DSC_4320-bis-1024x819.jpg' src='https:\/\/autrementphoto.com\/wp-content\/uploads\/2024\/04\/DSC_4320-bis-1024x819.jpg' width='1024' height='819' \/><div class='caption-block'><div class='text-wrapper'><span class='title'>DSC_4320 bis<\/span><\/div><\/div><\/a><div class='ftg-social'><\/div><\/div><div  class='tile ftg-preload  '><a title=\"DSC_4545\" data-lightbox='ftg-77' rel='ftg-77'  class=' tile-inner  ftg-lightbox' href='https:\/\/autrementphoto.com\/wp-content\/uploads\/2024\/04\/DSC_4545-681x1024.jpg' ><img alt='DSC_4545' class='item skip-lazy' data-class='item' data-ftg-source='https:\/\/autrementphoto.com\/wp-content\/uploads\/2024\/04\/DSC_4545-681x1024.jpg' src='https:\/\/autrementphoto.com\/wp-content\/uploads\/2024\/04\/DSC_4545-681x1024.jpg' width='681' height='1024' \/><div class='caption-block'><div class='text-wrapper'><span class='title'>DSC_4545<\/span><\/div><\/div><\/a><div class='ftg-social'><\/div><\/div><div  class='tile ftg-preload  '><a title=\"DSC_4670\" data-lightbox='ftg-77' rel='ftg-77'  class=' tile-inner  ftg-lightbox' href='https:\/\/autrementphoto.com\/wp-content\/uploads\/2024\/04\/DSC_4670-683x1024.jpg' ><img alt='DSC_4670' class='item skip-lazy' data-class='item' data-ftg-source='https:\/\/autrementphoto.com\/wp-content\/uploads\/2024\/04\/DSC_4670-683x1024.jpg' src='https:\/\/autrementphoto.com\/wp-content\/uploads\/2024\/04\/DSC_4670-683x1024.jpg' width='683' height='1024' \/><div class='caption-block'><div class='text-wrapper'><span class='title'>DSC_4670<\/span><\/div><\/div><\/a><div class='ftg-social'><\/div><\/div><div  class='tile ftg-preload  '><a title=\"DSC_4781 - Copie-w1500\" data-lightbox='ftg-77' rel='ftg-77'  class=' tile-inner  ftg-lightbox' href='https:\/\/autrementphoto.com\/wp-content\/uploads\/2024\/04\/DSC_4781-Copie-w1500-1024x683.jpg' ><img alt='DSC_4781 - Copie-w1500' class='item skip-lazy' data-class='item' data-ftg-source='https:\/\/autrementphoto.com\/wp-content\/uploads\/2024\/04\/DSC_4781-Copie-w1500-1024x683.jpg' src='https:\/\/autrementphoto.com\/wp-content\/uploads\/2024\/04\/DSC_4781-Copie-w1500-1024x683.jpg' width='1024' height='683' \/><div class='caption-block'><div class='text-wrapper'><span class='title'>DSC_4781 - Copie-w1500<\/span><\/div><\/div><\/a><div class='ftg-social'><\/div><\/div><div  class='tile ftg-preload  '><a title=\"DSC_4791 - Copie\" data-lightbox='ftg-77' rel='ftg-77'  class=' tile-inner  ftg-lightbox' href='https:\/\/autrementphoto.com\/wp-content\/uploads\/2024\/04\/DSC_4791-Copie-1024x575.jpg' ><img alt='DSC_4791 - Copie' class='item skip-lazy' data-class='item' data-ftg-source='https:\/\/autrementphoto.com\/wp-content\/uploads\/2024\/04\/DSC_4791-Copie-1024x575.jpg' src='https:\/\/autrementphoto.com\/wp-content\/uploads\/2024\/04\/DSC_4791-Copie-1024x575.jpg' width='1024' height='575' \/><div class='caption-block'><div class='text-wrapper'><span class='title'>DSC_4791 - Copie<\/span><\/div><\/div><\/a><div class='ftg-social'><\/div><\/div><div  class='tile ftg-preload  '><a title=\"DSC_4798 - Copie\" data-lightbox='ftg-77' rel='ftg-77'  class=' tile-inner  ftg-lightbox' href='https:\/\/autrementphoto.com\/wp-content\/uploads\/2024\/04\/DSC_4798-Copie-679x1024.jpg' ><img alt='DSC_4798 - Copie' class='item skip-lazy' data-class='item' data-ftg-source='https:\/\/autrementphoto.com\/wp-content\/uploads\/2024\/04\/DSC_4798-Copie-679x1024.jpg' src='https:\/\/autrementphoto.com\/wp-content\/uploads\/2024\/04\/DSC_4798-Copie-679x1024.jpg' width='679' height='1024' \/><div class='caption-block'><div class='text-wrapper'><span class='title'>DSC_4798 - Copie<\/span><\/div><\/div><\/a><div class='ftg-social'><\/div><\/div><div  class='tile ftg-preload  '><a title=\"DSC_4811-w1500\" data-lightbox='ftg-77' rel='ftg-77'  class=' tile-inner  ftg-lightbox' href='https:\/\/autrementphoto.com\/wp-content\/uploads\/2024\/04\/DSC_4811-w1500-1024x685.jpg' ><img alt='DSC_4811-w1500' class='item skip-lazy' data-class='item' data-ftg-source='https:\/\/autrementphoto.com\/wp-content\/uploads\/2024\/04\/DSC_4811-w1500-1024x685.jpg' src='https:\/\/autrementphoto.com\/wp-content\/uploads\/2024\/04\/DSC_4811-w1500-1024x685.jpg' width='1024' height='685' \/><div class='caption-block'><div class='text-wrapper'><span class='title'>DSC_4811-w1500<\/span><\/div><\/div><\/a><div class='ftg-social'><\/div><\/div><div  class='tile ftg-preload  '><a title=\"DSC_5166bis\" data-lightbox='ftg-77' rel='ftg-77'  class=' tile-inner  ftg-lightbox' href='https:\/\/autrementphoto.com\/wp-content\/uploads\/2024\/04\/DSC_5166bis-681x1024.jpg' ><img alt='DSC_5166bis' class='item skip-lazy' data-class='item' data-ftg-source='https:\/\/autrementphoto.com\/wp-content\/uploads\/2024\/04\/DSC_5166bis-681x1024.jpg' src='https:\/\/autrementphoto.com\/wp-content\/uploads\/2024\/04\/DSC_5166bis-681x1024.jpg' width='681' height='1024' \/><div class='caption-block'><div class='text-wrapper'><span class='title'>DSC_5166bis<\/span><\/div><\/div><\/a><div class='ftg-social'><\/div><\/div><div  class='tile ftg-preload  '><a title=\"DSC_5858bis\" data-lightbox='ftg-77' rel='ftg-77'  class=' tile-inner  ftg-lightbox' href='https:\/\/autrementphoto.com\/wp-content\/uploads\/2024\/04\/DSC_5858bis-1024x682.jpg' ><img alt='DSC_5858bis' class='item skip-lazy' data-class='item' data-ftg-source='https:\/\/autrementphoto.com\/wp-content\/uploads\/2024\/04\/DSC_5858bis-1024x682.jpg' src='https:\/\/autrementphoto.com\/wp-content\/uploads\/2024\/04\/DSC_5858bis-1024x682.jpg' width='1024' height='682' \/><div class='caption-block'><div class='text-wrapper'><span class='title'>DSC_5858bis<\/span><\/div><\/div><\/a><div class='ftg-social'><\/div><\/div><div  class='tile ftg-preload  '><a title=\"DSC_7064 bis\" data-lightbox='ftg-77' rel='ftg-77'  class=' tile-inner  ftg-lightbox' href='https:\/\/autrementphoto.com\/wp-content\/uploads\/2024\/04\/DSC_7064-bis-682x1024.jpg' ><img alt='DSC_7064 bis' class='item skip-lazy' data-class='item' data-ftg-source='https:\/\/autrementphoto.com\/wp-content\/uploads\/2024\/04\/DSC_7064-bis-682x1024.jpg' src='https:\/\/autrementphoto.com\/wp-content\/uploads\/2024\/04\/DSC_7064-bis-682x1024.jpg' width='682' height='1024' \/><div class='caption-block'><div class='text-wrapper'><span class='title'>DSC_7064 bis<\/span><\/div><\/div><\/a><div class='ftg-social'><\/div><\/div><div  class='tile ftg-preload  '><a title=\"Flo-autoportrait\" data-lightbox='ftg-77' rel='ftg-77'  class=' tile-inner  ftg-lightbox' href='https:\/\/autrementphoto.com\/wp-content\/uploads\/2024\/04\/Flo-autoportrait-1024x1024.jpg' ><img alt='Flo-autoportrait' class='item skip-lazy' data-class='item' data-ftg-source='https:\/\/autrementphoto.com\/wp-content\/uploads\/2024\/04\/Flo-autoportrait-1024x1024.jpg' src='https:\/\/autrementphoto.com\/wp-content\/uploads\/2024\/04\/Flo-autoportrait-1024x1024.jpg' width='1024' height='1024' \/><div class='caption-block'><div class='text-wrapper'><span class='title'>Flo-autoportrait<\/span><\/div><\/div><\/a><div class='ftg-social'><\/div><\/div><div  class='tile ftg-preload  '><a title=\"La femme\" data-lightbox='ftg-77' rel='ftg-77'  class=' tile-inner  ftg-lightbox' href='https:\/\/autrementphoto.com\/wp-content\/uploads\/2024\/04\/La-femme-819x1024.jpg' ><img alt='La femme' class='item skip-lazy' data-class='item' data-ftg-source='https:\/\/autrementphoto.com\/wp-content\/uploads\/2024\/04\/La-femme-819x1024.jpg' src='https:\/\/autrementphoto.com\/wp-content\/uploads\/2024\/04\/La-femme-819x1024.jpg' width='819' height='1024' \/><div class='caption-block'><div class='text-wrapper'><span class='title'>La femme<\/span><\/div><\/div><\/a><div class='ftg-social'><\/div><\/div><div  class='tile ftg-preload  '><a title=\"La princesse et le crapaud\" data-lightbox='ftg-77' rel='ftg-77'  class=' tile-inner  ftg-lightbox' href='https:\/\/autrementphoto.com\/wp-content\/uploads\/2024\/04\/La-princesse-et-le-crapaud-682x1024.jpg' ><img alt='La princesse et le crapaud' class='item skip-lazy' data-class='item' data-ftg-source='https:\/\/autrementphoto.com\/wp-content\/uploads\/2024\/04\/La-princesse-et-le-crapaud-682x1024.jpg' src='https:\/\/autrementphoto.com\/wp-content\/uploads\/2024\/04\/La-princesse-et-le-crapaud-682x1024.jpg' width='682' height='1024' \/><div class='caption-block'><div class='text-wrapper'><span class='title'>La princesse et le crapaud<\/span><\/div><\/div><\/a><div class='ftg-social'><\/div><\/div><div  class='tile ftg-preload  '><a title=\"L&#039;araign\u00e9e- collier\" data-lightbox='ftg-77' rel='ftg-77'  class=' tile-inner  ftg-lightbox' href='https:\/\/autrementphoto.com\/wp-content\/uploads\/2024\/04\/Laraignee-collier-1000x1024.jpg' ><img alt='L&#039;araign\u00e9e- collier' class='item skip-lazy' data-class='item' data-ftg-source='https:\/\/autrementphoto.com\/wp-content\/uploads\/2024\/04\/Laraignee-collier-1000x1024.jpg' src='https:\/\/autrementphoto.com\/wp-content\/uploads\/2024\/04\/Laraignee-collier-1000x1024.jpg' width='1000' height='1024' \/><div class='caption-block'><div class='text-wrapper'><span class='title'>L'araign\u00e9e- collier<\/span><\/div><\/div><\/a><div class='ftg-social'><\/div><\/div><\/div><\/div><\/div>\n\t\t\t\t\t\t<\/div>\n\t\t\t\t<\/div>\n\t\t\t\t\t<\/div>\n\t\t\t\t<\/div>\n\t\t\t\t<\/div>\n\t\t","protected":false},"excerpt":{"rendered":"<p>A travers cette balade, la petite fille veut nous montrer une s\u00e9rie d&rsquo;\u00e9motions, croiser le chemin de plusieurs femmes. Toutes ont un point en commun, ces portraits sont sans regard. Le regard du mod\u00e8le, en photographie, est le point essentiel pour r\u00e9ussir un portrait, c&rsquo;est ce regard qui nous capte, nous \u00e9meut, peut nous faire [&hellip;]<\/p>\n","protected":false},"author":1,"featured_media":0,"parent":0,"menu_order":0,"comment_status":"closed","ping_status":"closed","template":"","meta":{"ocean_post_layout":"","ocean_both_sidebars_style":"","ocean_both_sidebars_content_width":0,"ocean_both_sidebars_sidebars_width":0,"ocean_sidebar":"","ocean_second_sidebar":"","ocean_disable_margins":"enable","ocean_add_body_class":"","ocean_shortcode_before_top_bar":"","ocean_shortcode_after_top_bar":"","ocean_shortcode_before_header":"","ocean_shortcode_after_header":"","ocean_has_shortcode":"","ocean_shortcode_after_title":"","ocean_shortcode_before_footer_widgets":"","ocean_shortcode_after_footer_widgets":"","ocean_shortcode_before_footer_bottom":"","ocean_shortcode_after_footer_bottom":"","ocean_display_top_bar":"default","ocean_display_header":"default","ocean_header_style":"","ocean_center_header_left_menu":"","ocean_custom_header_template":"","ocean_custom_logo":0,"ocean_custom_retina_logo":0,"ocean_custom_logo_max_width":0,"ocean_custom_logo_tablet_max_width":0,"ocean_custom_logo_mobile_max_width":0,"ocean_custom_logo_max_height":0,"ocean_custom_logo_tablet_max_height":0,"ocean_custom_logo_mobile_max_height":0,"ocean_header_custom_menu":"","ocean_menu_typo_font_family":"","ocean_menu_typo_font_subset":"","ocean_menu_typo_font_size":0,"ocean_menu_typo_font_size_tablet":0,"ocean_menu_typo_font_size_mobile":0,"ocean_menu_typo_font_size_unit":"px","ocean_menu_typo_font_weight":"","ocean_menu_typo_font_weight_tablet":"","ocean_menu_typo_font_weight_mobile":"","ocean_menu_typo_transform":"","ocean_menu_typo_transform_tablet":"","ocean_menu_typo_transform_mobile":"","ocean_menu_typo_line_height":0,"ocean_menu_typo_line_height_tablet":0,"ocean_menu_typo_line_height_mobile":0,"ocean_menu_typo_line_height_unit":"","ocean_menu_typo_spacing":0,"ocean_menu_typo_spacing_tablet":0,"ocean_menu_typo_spacing_mobile":0,"ocean_menu_typo_spacing_unit":"","ocean_menu_link_color":"","ocean_menu_link_color_hover":"","ocean_menu_link_color_active":"","ocean_menu_link_background":"","ocean_menu_link_hover_background":"","ocean_menu_link_active_background":"","ocean_menu_social_links_bg":"","ocean_menu_social_hover_links_bg":"","ocean_menu_social_links_color":"","ocean_menu_social_hover_links_color":"","ocean_disable_title":"default","ocean_disable_heading":"default","ocean_post_title":"","ocean_post_subheading":"","ocean_post_title_style":"","ocean_post_title_background_color":"","ocean_post_title_background":0,"ocean_post_title_bg_image_position":"","ocean_post_title_bg_image_attachment":"","ocean_post_title_bg_image_repeat":"","ocean_post_title_bg_image_size":"","ocean_post_title_height":0,"ocean_post_title_bg_overlay":0.5,"ocean_post_title_bg_overlay_color":"","ocean_disable_breadcrumbs":"default","ocean_breadcrumbs_color":"","ocean_breadcrumbs_separator_color":"","ocean_breadcrumbs_links_color":"","ocean_breadcrumbs_links_hover_color":"","ocean_display_footer_widgets":"default","ocean_display_footer_bottom":"default","ocean_custom_footer_template":"","footnotes":""},"class_list":["post-1303","page","type-page","status-publish","hentry","entry"],"_links":{"self":[{"href":"https:\/\/autrementphoto.com\/index.php\/wp-json\/wp\/v2\/pages\/1303","targetHints":{"allow":["GET"]}}],"collection":[{"href":"https:\/\/autrementphoto.com\/index.php\/wp-json\/wp\/v2\/pages"}],"about":[{"href":"https:\/\/autrementphoto.com\/index.php\/wp-json\/wp\/v2\/types\/page"}],"author":[{"embeddable":true,"href":"https:\/\/autrementphoto.com\/index.php\/wp-json\/wp\/v2\/users\/1"}],"replies":[{"embeddable":true,"href":"https:\/\/autrementphoto.com\/index.php\/wp-json\/wp\/v2\/comments?post=1303"}],"version-history":[{"count":13,"href":"https:\/\/autrementphoto.com\/index.php\/wp-json\/wp\/v2\/pages\/1303\/revisions"}],"predecessor-version":[{"id":1635,"href":"https:\/\/autrementphoto.com\/index.php\/wp-json\/wp\/v2\/pages\/1303\/revisions\/1635"}],"wp:attachment":[{"href":"https:\/\/autrementphoto.com\/index.php\/wp-json\/wp\/v2\/media?parent=1303"}],"curies":[{"name":"wp","href":"https:\/\/api.w.org\/{rel}","templated":true}]}}