{"id":1304,"date":"2024-01-23T21:56:33","date_gmt":"2024-01-23T20:56:33","guid":{"rendered":"https:\/\/autrementphoto.com\/?page_id=1304"},"modified":"2024-04-22T14:59:30","modified_gmt":"2024-04-22T12:59:30","slug":"confinement","status":"publish","type":"page","link":"https:\/\/autrementphoto.com\/index.php\/confinement\/","title":{"rendered":"Confinement"},"content":{"rendered":"\t\t<div data-elementor-type=\"wp-page\" data-elementor-id=\"1304\" class=\"elementor elementor-1304\">\n\t\t\t\t<div class=\"elementor-element elementor-element-9cce7bd e-flex e-con-boxed e-con e-parent\" data-id=\"9cce7bd\" data-element_type=\"container\" data-e-type=\"container\">\n\t\t\t\t\t<div class=\"e-con-inner\">\n\t\t\t\t<div class=\"elementor-element elementor-element-173d33b elementor-widget elementor-widget-image\" data-id=\"173d33b\" data-element_type=\"widget\" data-e-type=\"widget\" data-widget_type=\"image.default\">\n\t\t\t\t<div class=\"elementor-widget-container\">\n\t\t\t\t\t\t\t\t\t\t\t\t\t\t\t<img fetchpriority=\"high\" decoding=\"async\" width=\"1024\" height=\"684\" src=\"https:\/\/autrementphoto.com\/wp-content\/uploads\/2023\/12\/3-barrieres-w1500-1024x684.jpg\" class=\"attachment-large size-large wp-image-1206\" alt=\"\" srcset=\"https:\/\/autrementphoto.com\/wp-content\/uploads\/2023\/12\/3-barrieres-w1500-1024x684.jpg 1024w, https:\/\/autrementphoto.com\/wp-content\/uploads\/2023\/12\/3-barrieres-w1500-300x200.jpg 300w, https:\/\/autrementphoto.com\/wp-content\/uploads\/2023\/12\/3-barrieres-w1500-768x513.jpg 768w, https:\/\/autrementphoto.com\/wp-content\/uploads\/2023\/12\/3-barrieres-w1500.jpg 1500w\" sizes=\"(max-width: 1024px) 100vw, 1024px\" \/>\t\t\t\t\t\t\t\t\t\t\t\t\t\t\t<\/div>\n\t\t\t\t<\/div>\n\t\t\t\t\t<\/div>\n\t\t\t\t<\/div>\n\t\t<div class=\"elementor-element elementor-element-8449b3c e-flex e-con-boxed e-con e-parent\" data-id=\"8449b3c\" data-element_type=\"container\" data-e-type=\"container\">\n\t\t\t\t\t<div class=\"e-con-inner\">\n\t\t\t\t<div class=\"elementor-element elementor-element-22476ea elementor-widget elementor-widget-text-editor\" data-id=\"22476ea\" data-element_type=\"widget\" data-e-type=\"widget\" data-widget_type=\"text-editor.default\">\n\t\t\t\t<div class=\"elementor-widget-container\">\n\t\t\t\t\t\t\t\t\t<p style=\"font-weight: 400;\">L\u2019\u00c9cho du Silence : Une Chronique Visuelle du Confinement<\/p><p style=\"font-weight: 400;\">Dans cette s\u00e9rie intime et r\u00e9v\u00e9latrice, j\u2019ai captur\u00e9 l\u2019essence d\u2019une p\u00e9riode marqu\u00e9e par l\u2019isolement et l\u2019incertitude. Chaque clich\u00e9 est un t\u00e9moignage silencieux des jours o\u00f9 le monde s\u2019est arr\u00eat\u00e9. Ces images, plus qu\u2019une simple repr\u00e9sentation de la solitude, sont un miroir des \u00e9motions brutes que nous avons tous partag\u00e9es : la peur face \u00e0 l\u2019inconnu, l\u2019angoisse d\u2019un quotidien boulevers\u00e9, et l\u2019espoir fragile d\u2019un lendemain meilleur.<\/p><p style=\"font-weight: 400;\">\u00c0 travers son objectif, l\u2019artiste nous invite \u00e0 contempler non seulement la r\u00e9alit\u00e9 du confinement mais aussi la r\u00e9silience de l\u2019esprit humain. C\u2019est une exploration de la condition humaine, une pause forc\u00e9e qui nous a tous amen\u00e9s \u00e0 r\u00e9fl\u00e9chir sur notre existence et nos priorit\u00e9s.<\/p><p style=\"font-weight: 400;\">Ces photographies ne sont pas seulement des documents d\u2019une \u00e9poque r\u00e9volue, elles sont des ponts vers nos propres souvenirs, des invitations \u00e0 se souvenir et \u00e0 ressentir \u00e0 nouveau. Elles nous rappellent que, m\u00eame dans les moments les plus sombres, il y a de la beaut\u00e9 \u00e0 trouver, des le\u00e7ons \u00e0 apprendre, et une lumi\u00e8re int\u00e9rieure qui ne s\u2019\u00e9teint jamais.<\/p>\t\t\t\t\t\t\t\t<\/div>\n\t\t\t\t<\/div>\n\t\t\t\t\t<\/div>\n\t\t\t\t<\/div>\n\t\t<div class=\"elementor-element elementor-element-15d9b47 e-flex e-con-boxed e-con e-parent\" data-id=\"15d9b47\" data-element_type=\"container\" data-e-type=\"container\">\n\t\t\t\t\t<div class=\"e-con-inner\">\n\t\t\t\t<div class=\"elementor-element elementor-element-8ebc2ba elementor-widget elementor-widget-shortcode\" data-id=\"8ebc2ba\" data-element_type=\"widget\" data-e-type=\"widget\" data-widget_type=\"shortcode.default\">\n\t\t\t\t<div class=\"elementor-widget-container\">\n\t\t\t\t\t\t\t<div class=\"elementor-shortcode\"><!-- Final Tiles Grid Gallery for WordPress v3.6.13 free --><style>#ftg-55 .tile .icon { color:#ffffff; }#ftg-55 .ftg-items .loading-bar i { background:#666; }#ftg-55 .ftg-items .loading-bar { background:#fff; }#ftg-55 .tile .icon { font-size:12px; }#ftg-55 .tile .icon { margin: -6px 0 0 -6px; }#ftg-55 .tile .caption-block .text-wrapper span.text { font-size:12px; }#ftg-55 .tile .caption-outside .text-wrapper span.text { font-size:12px; }#ftg-55 .tile .caption-block .text-wrapper span.title { font-size:14px; }#ftg-55 .tile .caption-outside .text-wrapper span.title { font-size:14px; }#ftg-55 .tile { background-color: transparent; }#ftg-55 .tile .caption-block .text-wrapper span.text { color: #ffffff; }#ftg-55 .tile .caption-block .text-wrapper span.title { color: #ffffff; }#ftg-55 .tile .caption-outside .text-wrapper span.text { color: #ffffff; }#ftg-55 .tile .caption-outside .text-wrapper span.title { color: #ffffff; }#ftg-55 .tile .ftg-social a { color: #ffffff; }#ftg-55 .tile .caption-block { transition-timing-function:linear; }#ftg-55 .tile .caption-block { transition-duration:0.25s; }#ftg-55 .tile .tile-inner:before { background-color: #000000; }#ftg-55 .tile .tile-inner:before { background-color: rgba(0, 0, 0, 0.8); }<\/style><a name=\"5\"><\/a><div class=\"final-tiles-gallery  ftg-hover-enabled caption-inside  caption-none caption-middle caption-center\" id=\"ftg-55\" style=\"width: 100%\"><div class='ftg-items'><div class='loading-bar'><i><\/i><\/div><div  class='tile ftg-preload  '><a title=\"1 rayons-w1500\" data-lightbox='ftg-55' rel='ftg-55'  class=' tile-inner  ftg-lightbox' href='https:\/\/autrementphoto.com\/wp-content\/uploads\/2023\/12\/1-rayons-w1500-1024x684.jpg' ><img alt='1 rayons-w1500' class='item skip-lazy' data-class='item' data-ftg-source='https:\/\/autrementphoto.com\/wp-content\/uploads\/2023\/12\/1-rayons-w1500-1024x684.jpg' src='https:\/\/autrementphoto.com\/wp-content\/uploads\/2023\/12\/1-rayons-w1500-1024x684.jpg' width='1024' height='684' \/><span class='icon fa fa-zoom'><\/span><div class='caption-block'><div class='text-wrapper'><span class='title'>1 rayons-w1500<\/span><\/div><\/div><\/a><div class='ftg-social'><\/div><\/div><div  class='tile ftg-preload  '><a title=\"2 peurs-w1500\" data-lightbox='ftg-55' rel='ftg-55'  class=' tile-inner  ftg-lightbox' href='https:\/\/autrementphoto.com\/wp-content\/uploads\/2023\/12\/2-peurs-w1500-680x1024.jpg' ><img alt='2 peurs-w1500' class='item skip-lazy' data-class='item' data-ftg-source='https:\/\/autrementphoto.com\/wp-content\/uploads\/2023\/12\/2-peurs-w1500-680x1024.jpg' src='https:\/\/autrementphoto.com\/wp-content\/uploads\/2023\/12\/2-peurs-w1500-680x1024.jpg' width='680' height='1024' \/><span class='icon fa fa-zoom'><\/span><div class='caption-block'><div class='text-wrapper'><span class='title'>2 peurs-w1500<\/span><\/div><\/div><\/a><div class='ftg-social'><\/div><\/div><div  class='tile ftg-preload  '><a title=\"3 barri\u00e8res-w1500\" data-lightbox='ftg-55' rel='ftg-55'  class=' tile-inner  ftg-lightbox' href='https:\/\/autrementphoto.com\/wp-content\/uploads\/2023\/12\/3-barrieres-w1500-1024x684.jpg' ><img alt='3 barri\u00e8res-w1500' class='item skip-lazy' data-class='item' data-ftg-source='https:\/\/autrementphoto.com\/wp-content\/uploads\/2023\/12\/3-barrieres-w1500-1024x684.jpg' src='https:\/\/autrementphoto.com\/wp-content\/uploads\/2023\/12\/3-barrieres-w1500-1024x684.jpg' width='1024' height='684' \/><span class='icon fa fa-zoom'><\/span><div class='caption-block'><div class='text-wrapper'><span class='title'>3 barri\u00e8res-w1500<\/span><\/div><\/div><\/a><div class='ftg-social'><\/div><\/div><div  class='tile ftg-preload  '><a title=\"4- au pied du mur-w1500\" data-lightbox='ftg-55' rel='ftg-55'  class=' tile-inner  ftg-lightbox' href='https:\/\/autrementphoto.com\/wp-content\/uploads\/2023\/12\/4-au-pied-du-mur-w1500-1024x686.jpg' ><img alt='4- au pied du mur-w1500' class='item skip-lazy' data-class='item' data-ftg-source='https:\/\/autrementphoto.com\/wp-content\/uploads\/2023\/12\/4-au-pied-du-mur-w1500-1024x686.jpg' src='https:\/\/autrementphoto.com\/wp-content\/uploads\/2023\/12\/4-au-pied-du-mur-w1500-1024x686.jpg' width='1024' height='686' \/><span class='icon fa fa-zoom'><\/span><div class='caption-block'><div class='text-wrapper'><span class='title'>4- au pied du mur-w1500<\/span><\/div><\/div><\/a><div class='ftg-social'><\/div><\/div><div  class='tile ftg-preload  '><a title=\"5 d\u00e9luge-w1500\" data-lightbox='ftg-55' rel='ftg-55'  class=' tile-inner  ftg-lightbox' href='https:\/\/autrementphoto.com\/wp-content\/uploads\/2023\/12\/5-deluge-w1500-579x1024.jpg' ><img alt='5 d\u00e9luge-w1500' class='item skip-lazy' data-class='item' data-ftg-source='https:\/\/autrementphoto.com\/wp-content\/uploads\/2023\/12\/5-deluge-w1500-579x1024.jpg' src='https:\/\/autrementphoto.com\/wp-content\/uploads\/2023\/12\/5-deluge-w1500-579x1024.jpg' width='579' height='1024' \/><span class='icon fa fa-zoom'><\/span><div class='caption-block'><div class='text-wrapper'><span class='title'>5 d\u00e9luge-w1500<\/span><\/div><\/div><\/a><div class='ftg-social'><\/div><\/div><div  class='tile ftg-preload  '><a title=\"6-danse funeste-w1500\" data-lightbox='ftg-55' rel='ftg-55'  class=' tile-inner  ftg-lightbox' href='https:\/\/autrementphoto.com\/wp-content\/uploads\/2023\/12\/6-danse-funeste-w1500-685x1024.jpg' ><img alt='6-danse funeste-w1500' class='item skip-lazy' data-class='item' data-ftg-source='https:\/\/autrementphoto.com\/wp-content\/uploads\/2023\/12\/6-danse-funeste-w1500-685x1024.jpg' src='https:\/\/autrementphoto.com\/wp-content\/uploads\/2023\/12\/6-danse-funeste-w1500-685x1024.jpg' width='685' height='1024' \/><span class='icon fa fa-zoom'><\/span><div class='caption-block'><div class='text-wrapper'><span class='title'>6-danse funeste-w1500<\/span><\/div><\/div><\/a><div class='ftg-social'><\/div><\/div><div  class='tile ftg-preload  '><a title=\"7 barri\u00e8res-w1500\" data-lightbox='ftg-55' rel='ftg-55'  class=' tile-inner  ftg-lightbox' href='https:\/\/autrementphoto.com\/wp-content\/uploads\/2023\/12\/7-barrieres-w1500-1024x754.jpg' ><img alt='7 barri\u00e8res-w1500' class='item skip-lazy' data-class='item' data-ftg-source='https:\/\/autrementphoto.com\/wp-content\/uploads\/2023\/12\/7-barrieres-w1500-1024x754.jpg' src='https:\/\/autrementphoto.com\/wp-content\/uploads\/2023\/12\/7-barrieres-w1500-1024x754.jpg' width='1024' height='754' \/><span class='icon fa fa-zoom'><\/span><div class='caption-block'><div class='text-wrapper'><span class='title'>7 barri\u00e8res-w1500<\/span><\/div><\/div><\/a><div class='ftg-social'><\/div><\/div><div  class='tile ftg-preload  '><a title=\"8 interrogations-w1500\" data-lightbox='ftg-55' rel='ftg-55'  class=' tile-inner  ftg-lightbox' href='https:\/\/autrementphoto.com\/wp-content\/uploads\/2023\/12\/8-interrogations-w1500-768x1024.jpg' ><img alt='8 interrogations-w1500' class='item skip-lazy' data-class='item' data-ftg-source='https:\/\/autrementphoto.com\/wp-content\/uploads\/2023\/12\/8-interrogations-w1500-768x1024.jpg' src='https:\/\/autrementphoto.com\/wp-content\/uploads\/2023\/12\/8-interrogations-w1500-768x1024.jpg' width='768' height='1024' \/><span class='icon fa fa-zoom'><\/span><div class='caption-block'><div class='text-wrapper'><span class='title'>8 interrogations-w1500<\/span><\/div><\/div><\/a><div class='ftg-social'><\/div><\/div><div  class='tile ftg-preload  '><a title=\"9-fais comme des rats-w1500\" data-lightbox='ftg-55' rel='ftg-55'  class=' tile-inner  ftg-lightbox' href='https:\/\/autrementphoto.com\/wp-content\/uploads\/2023\/12\/9-fais-comme-des-rats-w1500-681x1024.jpg' ><img alt='9-fais comme des rats-w1500' class='item skip-lazy' data-class='item' data-ftg-source='https:\/\/autrementphoto.com\/wp-content\/uploads\/2023\/12\/9-fais-comme-des-rats-w1500-681x1024.jpg' src='https:\/\/autrementphoto.com\/wp-content\/uploads\/2023\/12\/9-fais-comme-des-rats-w1500-681x1024.jpg' width='681' height='1024' \/><span class='icon fa fa-zoom'><\/span><div class='caption-block'><div class='text-wrapper'><span class='title'>9-fais comme des rats-w1500<\/span><\/div><\/div><\/a><div class='ftg-social'><\/div><\/div><div  class='tile ftg-preload  '><a title=\"11.5-bouff\u00e9e d_air-w1500\" data-lightbox='ftg-55' rel='ftg-55'  class=' tile-inner  ftg-lightbox' href='https:\/\/autrementphoto.com\/wp-content\/uploads\/2023\/12\/11.5-bouffee-d_air-w1500-1-683x1024.jpg' ><img alt='11.5-bouff\u00e9e d_air-w1500' class='item skip-lazy' data-class='item' data-ftg-source='https:\/\/autrementphoto.com\/wp-content\/uploads\/2023\/12\/11.5-bouffee-d_air-w1500-1-683x1024.jpg' src='https:\/\/autrementphoto.com\/wp-content\/uploads\/2023\/12\/11.5-bouffee-d_air-w1500-1-683x1024.jpg' width='683' height='1024' \/><span class='icon fa fa-zoom'><\/span><div class='caption-block'><div class='text-wrapper'><span class='title'>11.5-bouff\u00e9e d_air-w1500<\/span><\/div><\/div><\/a><div class='ftg-social'><\/div><\/div><div  class='tile ftg-preload  '><a title=\"10-errance-w1500\" data-lightbox='ftg-55' rel='ftg-55'  class=' tile-inner  ftg-lightbox' href='https:\/\/autrementphoto.com\/wp-content\/uploads\/2023\/12\/10-errance-w1500-681x1024.jpg' ><img alt='10-errance-w1500' class='item skip-lazy' data-class='item' data-ftg-source='https:\/\/autrementphoto.com\/wp-content\/uploads\/2023\/12\/10-errance-w1500-681x1024.jpg' src='https:\/\/autrementphoto.com\/wp-content\/uploads\/2023\/12\/10-errance-w1500-681x1024.jpg' width='681' height='1024' \/><span class='icon fa fa-zoom'><\/span><div class='caption-block'><div class='text-wrapper'><span class='title'>10-errance-w1500<\/span><\/div><\/div><\/a><div class='ftg-social'><\/div><\/div><div  class='tile ftg-preload  '><a title=\"11-dansse funeste 2-w1500\" data-lightbox='ftg-55' rel='ftg-55'  class=' tile-inner  ftg-lightbox' href='https:\/\/autrementphoto.com\/wp-content\/uploads\/2023\/12\/11-dansse-funeste-2-w1500-1024x681.jpg' ><img alt='11-dansse funeste 2-w1500' class='item skip-lazy' data-class='item' data-ftg-source='https:\/\/autrementphoto.com\/wp-content\/uploads\/2023\/12\/11-dansse-funeste-2-w1500-1024x681.jpg' src='https:\/\/autrementphoto.com\/wp-content\/uploads\/2023\/12\/11-dansse-funeste-2-w1500-1024x681.jpg' width='1024' height='681' \/><span class='icon fa fa-zoom'><\/span><div class='caption-block'><div class='text-wrapper'><span class='title'>11-dansse funeste 2-w1500<\/span><\/div><\/div><\/a><div class='ftg-social'><\/div><\/div><div  class='tile ftg-preload  '><a title=\"14-division-w1500\" data-lightbox='ftg-55' rel='ftg-55'  class=' tile-inner  ftg-lightbox' href='https:\/\/autrementphoto.com\/wp-content\/uploads\/2023\/12\/14-division-w1500-1024x683.jpg' ><img alt='14-division-w1500' class='item skip-lazy' data-class='item' data-ftg-source='https:\/\/autrementphoto.com\/wp-content\/uploads\/2023\/12\/14-division-w1500-1024x683.jpg' src='https:\/\/autrementphoto.com\/wp-content\/uploads\/2023\/12\/14-division-w1500-1024x683.jpg' width='1024' height='683' \/><span class='icon fa fa-zoom'><\/span><div class='caption-block'><div class='text-wrapper'><span class='title'>14-division-w1500<\/span><\/div><\/div><\/a><div class='ftg-social'><\/div><\/div><div  class='tile ftg-preload  '><a title=\"15-errance 2-w1500\" data-lightbox='ftg-55' rel='ftg-55'  class=' tile-inner  ftg-lightbox' href='https:\/\/autrementphoto.com\/wp-content\/uploads\/2023\/12\/15-errance-2-w1500-1024x683.jpg' ><img alt='15-errance 2-w1500' class='item skip-lazy' data-class='item' data-ftg-source='https:\/\/autrementphoto.com\/wp-content\/uploads\/2023\/12\/15-errance-2-w1500-1024x683.jpg' src='https:\/\/autrementphoto.com\/wp-content\/uploads\/2023\/12\/15-errance-2-w1500-1024x683.jpg' width='1024' height='683' \/><span class='icon fa fa-zoom'><\/span><div class='caption-block'><div class='text-wrapper'><span class='title'>15-errance 2-w1500<\/span><\/div><\/div><\/a><div class='ftg-social'><\/div><\/div><div  class='tile ftg-preload  '><a title=\"15.01 la source-w1500\" data-lightbox='ftg-55' rel='ftg-55'  class=' tile-inner  ftg-lightbox' href='https:\/\/autrementphoto.com\/wp-content\/uploads\/2023\/12\/15.01-la-source-w1500-1024x681.jpg' ><img alt='15.01 la source-w1500' class='item skip-lazy' data-class='item' data-ftg-source='https:\/\/autrementphoto.com\/wp-content\/uploads\/2023\/12\/15.01-la-source-w1500-1024x681.jpg' src='https:\/\/autrementphoto.com\/wp-content\/uploads\/2023\/12\/15.01-la-source-w1500-1024x681.jpg' width='1024' height='681' \/><span class='icon fa fa-zoom'><\/span><div class='caption-block'><div class='text-wrapper'><span class='title'>15.01 la source-w1500<\/span><\/div><\/div><\/a><div class='ftg-social'><\/div><\/div><div  class='tile ftg-preload  '><a title=\"16-la foi-w1500\" data-lightbox='ftg-55' rel='ftg-55'  class=' tile-inner  ftg-lightbox' href='https:\/\/autrementphoto.com\/wp-content\/uploads\/2023\/12\/16-la-foi-w1500-1024x578.jpg' ><img alt='16-la foi-w1500' class='item skip-lazy' data-class='item' data-ftg-source='https:\/\/autrementphoto.com\/wp-content\/uploads\/2023\/12\/16-la-foi-w1500-1024x578.jpg' src='https:\/\/autrementphoto.com\/wp-content\/uploads\/2023\/12\/16-la-foi-w1500-1024x578.jpg' width='1024' height='578' \/><span class='icon fa fa-zoom'><\/span><div class='caption-block'><div class='text-wrapper'><span class='title'>16-la foi-w1500<\/span><\/div><\/div><\/a><div class='ftg-social'><\/div><\/div><div  class='tile ftg-preload  '><a title=\"17 haut le qr code-w1500\" data-lightbox='ftg-55' rel='ftg-55'  class=' tile-inner  ftg-lightbox' href='https:\/\/autrementphoto.com\/wp-content\/uploads\/2023\/12\/17-haut-le-qr-code-w1500-821x1024.jpg' ><img alt='17 haut le qr code-w1500' class='item skip-lazy' data-class='item' data-ftg-source='https:\/\/autrementphoto.com\/wp-content\/uploads\/2023\/12\/17-haut-le-qr-code-w1500-821x1024.jpg' src='https:\/\/autrementphoto.com\/wp-content\/uploads\/2023\/12\/17-haut-le-qr-code-w1500-821x1024.jpg' width='821' height='1024' \/><span class='icon fa fa-zoom'><\/span><div class='caption-block'><div class='text-wrapper'><span class='title'>17 haut le qr code-w1500<\/span><\/div><\/div><\/a><div class='ftg-social'><\/div><\/div><div  class='tile ftg-preload  '><a title=\"18.5-la valeur-w1500\" data-lightbox='ftg-55' rel='ftg-55'  class=' tile-inner  ftg-lightbox' href='https:\/\/autrementphoto.com\/wp-content\/uploads\/2023\/12\/18.5-la-valeur-w1500-707x1024.jpg' ><img alt='18.5-la valeur-w1500' class='item skip-lazy' data-class='item' data-ftg-source='https:\/\/autrementphoto.com\/wp-content\/uploads\/2023\/12\/18.5-la-valeur-w1500-707x1024.jpg' src='https:\/\/autrementphoto.com\/wp-content\/uploads\/2023\/12\/18.5-la-valeur-w1500-707x1024.jpg' width='707' height='1024' \/><span class='icon fa fa-zoom'><\/span><div class='caption-block'><div class='text-wrapper'><span class='title'>18.5-la valeur-w1500<\/span><\/div><\/div><\/a><div class='ftg-social'><\/div><\/div><div  class='tile ftg-preload  '><a title=\"13-pouvoir dans l_ombre-w1500\" data-lightbox='ftg-55' rel='ftg-55'  class=' tile-inner  ftg-lightbox' href='https:\/\/autrementphoto.com\/wp-content\/uploads\/2023\/12\/13-pouvoir-dans-l_ombre-w1500-683x1024.jpg' ><img alt='13-pouvoir dans l_ombre-w1500' class='item skip-lazy' data-class='item' data-ftg-source='https:\/\/autrementphoto.com\/wp-content\/uploads\/2023\/12\/13-pouvoir-dans-l_ombre-w1500-683x1024.jpg' src='https:\/\/autrementphoto.com\/wp-content\/uploads\/2023\/12\/13-pouvoir-dans-l_ombre-w1500-683x1024.jpg' width='683' height='1024' \/><span class='icon fa fa-zoom'><\/span><div class='caption-block'><div class='text-wrapper'><span class='title'>13-pouvoir dans l_ombre-w1500<\/span><\/div><\/div><\/a><div class='ftg-social'><\/div><\/div><div  class='tile ftg-preload  '><a title=\"12-chemin de la lumi\u00e8re-w1500\" data-lightbox='ftg-55' rel='ftg-55'  class=' tile-inner  ftg-lightbox' href='https:\/\/autrementphoto.com\/wp-content\/uploads\/2023\/12\/12-chemin-de-la-lumiere-w1500-683x1024.jpg' ><img alt='12-chemin de la lumi\u00e8re-w1500' class='item skip-lazy' data-class='item' data-ftg-source='https:\/\/autrementphoto.com\/wp-content\/uploads\/2023\/12\/12-chemin-de-la-lumiere-w1500-683x1024.jpg' src='https:\/\/autrementphoto.com\/wp-content\/uploads\/2023\/12\/12-chemin-de-la-lumiere-w1500-683x1024.jpg' width='683' height='1024' \/><span class='icon fa fa-zoom'><\/span><div class='caption-block'><div class='text-wrapper'><span class='title'>12-chemin de la lumi\u00e8re-w1500<\/span><\/div><\/div><\/a><div class='ftg-social'><\/div><\/div><div  class='tile ftg-preload  '><a title=\"19-chercher l_humain-w1500\" data-lightbox='ftg-55' rel='ftg-55'  class=' tile-inner  ftg-lightbox' href='https:\/\/autrementphoto.com\/wp-content\/uploads\/2023\/12\/19-chercher-l_humain-w1500-768x1024.jpg' ><img alt='19-chercher l_humain-w1500' class='item skip-lazy' data-class='item' data-ftg-source='https:\/\/autrementphoto.com\/wp-content\/uploads\/2023\/12\/19-chercher-l_humain-w1500-768x1024.jpg' src='https:\/\/autrementphoto.com\/wp-content\/uploads\/2023\/12\/19-chercher-l_humain-w1500-768x1024.jpg' width='768' height='1024' \/><span class='icon fa fa-zoom'><\/span><div class='caption-block'><div class='text-wrapper'><span class='title'>19-chercher l_humain-w1500<\/span><\/div><\/div><\/a><div class='ftg-social'><\/div><\/div><div  class='tile ftg-preload  '><a title=\"DSC_3991-w1500\" data-lightbox='ftg-55' rel='ftg-55'  class=' tile-inner  ftg-lightbox' href='https:\/\/autrementphoto.com\/wp-content\/uploads\/2024\/04\/DSC_3991-w1500-1024x681.jpg' ><img alt='DSC_3991-w1500' class='item skip-lazy' data-class='item' data-ftg-source='https:\/\/autrementphoto.com\/wp-content\/uploads\/2024\/04\/DSC_3991-w1500-1024x681.jpg' src='https:\/\/autrementphoto.com\/wp-content\/uploads\/2024\/04\/DSC_3991-w1500-1024x681.jpg' width='1024' height='681' \/><span class='icon fa fa-zoom'><\/span><div class='caption-block'><div class='text-wrapper'><span class='title'>DSC_3991-w1500<\/span><\/div><\/div><\/a><div class='ftg-social'><\/div><\/div><\/div><\/div><\/div>\n\t\t\t\t\t\t<\/div>\n\t\t\t\t<\/div>\n\t\t\t\t\t<\/div>\n\t\t\t\t<\/div>\n\t\t\t\t<\/div>\n\t\t","protected":false},"excerpt":{"rendered":"<p>L\u2019\u00c9cho du Silence : Une Chronique Visuelle du Confinement Dans cette s\u00e9rie intime et r\u00e9v\u00e9latrice, j\u2019ai captur\u00e9 l\u2019essence d\u2019une p\u00e9riode marqu\u00e9e par l\u2019isolement et l\u2019incertitude. Chaque clich\u00e9 est un t\u00e9moignage silencieux des jours o\u00f9 le monde s\u2019est arr\u00eat\u00e9. Ces images, plus qu\u2019une simple repr\u00e9sentation de la solitude, sont un miroir des \u00e9motions brutes que nous [&hellip;]<\/p>\n","protected":false},"author":1,"featured_media":0,"parent":0,"menu_order":0,"comment_status":"closed","ping_status":"closed","template":"","meta":{"ocean_post_layout":"","ocean_both_sidebars_style":"","ocean_both_sidebars_content_width":0,"ocean_both_sidebars_sidebars_width":0,"ocean_sidebar":"","ocean_second_sidebar":"","ocean_disable_margins":"enable","ocean_add_body_class":"","ocean_shortcode_before_top_bar":"","ocean_shortcode_after_top_bar":"","ocean_shortcode_before_header":"","ocean_shortcode_after_header":"","ocean_has_shortcode":"","ocean_shortcode_after_title":"","ocean_shortcode_before_footer_widgets":"","ocean_shortcode_after_footer_widgets":"","ocean_shortcode_before_footer_bottom":"","ocean_shortcode_after_footer_bottom":"","ocean_display_top_bar":"default","ocean_display_header":"default","ocean_header_style":"","ocean_center_header_left_menu":"","ocean_custom_header_template":"","ocean_custom_logo":0,"ocean_custom_retina_logo":0,"ocean_custom_logo_max_width":0,"ocean_custom_logo_tablet_max_width":0,"ocean_custom_logo_mobile_max_width":0,"ocean_custom_logo_max_height":0,"ocean_custom_logo_tablet_max_height":0,"ocean_custom_logo_mobile_max_height":0,"ocean_header_custom_menu":"","ocean_menu_typo_font_family":"","ocean_menu_typo_font_subset":"","ocean_menu_typo_font_size":0,"ocean_menu_typo_font_size_tablet":0,"ocean_menu_typo_font_size_mobile":0,"ocean_menu_typo_font_size_unit":"px","ocean_menu_typo_font_weight":"","ocean_menu_typo_font_weight_tablet":"","ocean_menu_typo_font_weight_mobile":"","ocean_menu_typo_transform":"","ocean_menu_typo_transform_tablet":"","ocean_menu_typo_transform_mobile":"","ocean_menu_typo_line_height":0,"ocean_menu_typo_line_height_tablet":0,"ocean_menu_typo_line_height_mobile":0,"ocean_menu_typo_line_height_unit":"","ocean_menu_typo_spacing":0,"ocean_menu_typo_spacing_tablet":0,"ocean_menu_typo_spacing_mobile":0,"ocean_menu_typo_spacing_unit":"","ocean_menu_link_color":"","ocean_menu_link_color_hover":"","ocean_menu_link_color_active":"","ocean_menu_link_background":"","ocean_menu_link_hover_background":"","ocean_menu_link_active_background":"","ocean_menu_social_links_bg":"","ocean_menu_social_hover_links_bg":"","ocean_menu_social_links_color":"","ocean_menu_social_hover_links_color":"","ocean_disable_title":"default","ocean_disable_heading":"default","ocean_post_title":"","ocean_post_subheading":"","ocean_post_title_style":"","ocean_post_title_background_color":"","ocean_post_title_background":0,"ocean_post_title_bg_image_position":"","ocean_post_title_bg_image_attachment":"","ocean_post_title_bg_image_repeat":"","ocean_post_title_bg_image_size":"","ocean_post_title_height":0,"ocean_post_title_bg_overlay":0.5,"ocean_post_title_bg_overlay_color":"","ocean_disable_breadcrumbs":"default","ocean_breadcrumbs_color":"","ocean_breadcrumbs_separator_color":"","ocean_breadcrumbs_links_color":"","ocean_breadcrumbs_links_hover_color":"","ocean_display_footer_widgets":"default","ocean_display_footer_bottom":"default","ocean_custom_footer_template":"","footnotes":""},"class_list":["post-1304","page","type-page","status-publish","hentry","entry"],"_links":{"self":[{"href":"https:\/\/autrementphoto.com\/index.php\/wp-json\/wp\/v2\/pages\/1304","targetHints":{"allow":["GET"]}}],"collection":[{"href":"https:\/\/autrementphoto.com\/index.php\/wp-json\/wp\/v2\/pages"}],"about":[{"href":"https:\/\/autrementphoto.com\/index.php\/wp-json\/wp\/v2\/types\/page"}],"author":[{"embeddable":true,"href":"https:\/\/autrementphoto.com\/index.php\/wp-json\/wp\/v2\/users\/1"}],"replies":[{"embeddable":true,"href":"https:\/\/autrementphoto.com\/index.php\/wp-json\/wp\/v2\/comments?post=1304"}],"version-history":[{"count":13,"href":"https:\/\/autrementphoto.com\/index.php\/wp-json\/wp\/v2\/pages\/1304\/revisions"}],"predecessor-version":[{"id":1583,"href":"https:\/\/autrementphoto.com\/index.php\/wp-json\/wp\/v2\/pages\/1304\/revisions\/1583"}],"wp:attachment":[{"href":"https:\/\/autrementphoto.com\/index.php\/wp-json\/wp\/v2\/media?parent=1304"}],"curies":[{"name":"wp","href":"https:\/\/api.w.org\/{rel}","templated":true}]}}