{"id":1448,"date":"2024-04-19T10:03:35","date_gmt":"2024-04-19T08:03:35","guid":{"rendered":"https:\/\/autrementphoto.com\/?page_id=1448"},"modified":"2024-04-20T21:22:33","modified_gmt":"2024-04-20T19:22:33","slug":"urbex-et-carton-2","status":"publish","type":"page","link":"https:\/\/autrementphoto.com\/index.php\/urbex-et-carton-2\/","title":{"rendered":"Urbex et carton"},"content":{"rendered":"\t\t<div data-elementor-type=\"wp-page\" data-elementor-id=\"1448\" class=\"elementor elementor-1448\">\n\t\t\t\t<div class=\"elementor-element elementor-element-624c5ae e-flex e-con-boxed e-con e-parent\" data-id=\"624c5ae\" data-element_type=\"container\" data-e-type=\"container\">\n\t\t\t\t\t<div class=\"e-con-inner\">\n\t\t\t\t<div class=\"elementor-element elementor-element-6c9bfd7 elementor-widget__width-inherit elementor-widget elementor-widget-image\" data-id=\"6c9bfd7\" data-element_type=\"widget\" data-e-type=\"widget\" data-widget_type=\"image.default\">\n\t\t\t\t<div class=\"elementor-widget-container\">\n\t\t\t\t\t\t\t\t\t\t\t\t\t\t\t<img fetchpriority=\"high\" decoding=\"async\" width=\"1500\" height=\"1059\" src=\"https:\/\/autrementphoto.com\/wp-content\/uploads\/2023\/12\/DSC_0001-w1500.jpg\" class=\"attachment-full size-full wp-image-1224\" alt=\"\" srcset=\"https:\/\/autrementphoto.com\/wp-content\/uploads\/2023\/12\/DSC_0001-w1500.jpg 1500w, https:\/\/autrementphoto.com\/wp-content\/uploads\/2023\/12\/DSC_0001-w1500-300x212.jpg 300w, https:\/\/autrementphoto.com\/wp-content\/uploads\/2023\/12\/DSC_0001-w1500-1024x723.jpg 1024w, https:\/\/autrementphoto.com\/wp-content\/uploads\/2023\/12\/DSC_0001-w1500-768x542.jpg 768w\" sizes=\"(max-width: 1500px) 100vw, 1500px\" \/>\t\t\t\t\t\t\t\t\t\t\t\t\t\t\t<\/div>\n\t\t\t\t<\/div>\n\t\t\t\t\t<\/div>\n\t\t\t\t<\/div>\n\t\t<div class=\"elementor-element elementor-element-6aca905 e-flex e-con-boxed e-con e-parent\" data-id=\"6aca905\" data-element_type=\"container\" data-e-type=\"container\">\n\t\t\t\t\t<div class=\"e-con-inner\">\n\t\t\t\t<div class=\"elementor-element elementor-element-f52da53 elementor-widget elementor-widget-text-editor\" data-id=\"f52da53\" data-element_type=\"widget\" data-e-type=\"widget\" data-widget_type=\"text-editor.default\">\n\t\t\t\t<div class=\"elementor-widget-container\">\n\t\t\t\t\t\t\t\t\t<p><span style=\"font-weight: 400;\">L\u2019exploration urbaine, ou urbex, est un art qui exige un profond respect et une grande prudence. Ces lieux abandonn\u00e9s se transforment souvent en toiles pour graffeurs, en terrains d\u2019aventure pour les amateurs d\u2019airsoft, ou en refuges pour les \u00e2mes errantes. Ils deviennent \u00e9galement des sanctuaires insoup\u00e7onn\u00e9s pour la faune.<\/span><\/p><p><span style=\"font-weight: 400;\">Ces espaces fig\u00e9s dans le temps offrent une occasion unique de capturer l\u2019\u00e9rosion des jours, o\u00f9 les objets demeurent intacts, t\u00e9moins silencieux du passage des ann\u00e9es. Ces endroits, charg\u00e9s d\u2019histoires et de souvenirs, stimulent ma cr\u00e9ativit\u00e9 et me permettent de saisir, \u00e0 travers mon objectif, la po\u00e9sie du temps qui s\u2019\u00e9coule.<\/span><\/p>\t\t\t\t\t\t\t\t<\/div>\n\t\t\t\t<\/div>\n\t\t\t\t\t<\/div>\n\t\t\t\t<\/div>\n\t\t<div class=\"elementor-element elementor-element-31cb410 e-flex e-con-boxed e-con e-parent\" data-id=\"31cb410\" data-element_type=\"container\" data-e-type=\"container\">\n\t\t\t\t\t<div class=\"e-con-inner\">\n\t\t\t\t<div class=\"elementor-element elementor-element-a021bfc elementor-widget elementor-widget-shortcode\" data-id=\"a021bfc\" data-element_type=\"widget\" data-e-type=\"widget\" data-widget_type=\"shortcode.default\">\n\t\t\t\t<div class=\"elementor-widget-container\">\n\t\t\t\t\t\t\t<div class=\"elementor-shortcode\"><!-- Final Tiles Grid Gallery for WordPress v3.6.13 free --><style>#ftg-22 .tile .icon { color:#ffffff; }#ftg-22 .ftg-items .loading-bar i { background:#666; }#ftg-22 .ftg-items .loading-bar { background:#fff; }#ftg-22 .tile .icon { font-size:12px; }#ftg-22 .tile .icon { margin: -6px 0 0 -6px; }#ftg-22 .tile .caption-block .text-wrapper span.text { font-size:12px; }#ftg-22 .tile .caption-outside .text-wrapper span.text { font-size:12px; }#ftg-22 .tile .caption-block .text-wrapper span.title { font-size:14px; }#ftg-22 .tile .caption-outside .text-wrapper span.title { font-size:14px; }#ftg-22 .tile { background-color: transparent; }#ftg-22 .tile .caption-block .text-wrapper span.text { color: #ffffff; }#ftg-22 .tile .caption-block .text-wrapper span.title { color: #ffffff; }#ftg-22 .tile .caption-outside .text-wrapper span.text { color: #ffffff; }#ftg-22 .tile .caption-outside .text-wrapper span.title { color: #ffffff; }#ftg-22 .tile .ftg-social a { color: #ffffff; }#ftg-22 .tile .caption-block { transition-duration:0.25s; }#ftg-22 .tile .tile-inner:before { background-color: #000000; }#ftg-22 .tile .tile-inner:before { background-color: rgba(0, 0, 0, 0.8); }#ftg-22 .tile:hover img {-moz-transform: -moz-rotate(0deg) -moz-scale(0) ;-webkit-transform: -webkit-rotate(0deg) -webkit-scale(0) ;-o-transform: -o-rotate(0deg) -o-scale(0) ;-ms-transform: -ms-rotate(0deg) -ms-scale(0) ;transform: rotate(0deg) scale(0) ;}<\/style><a name=\"2\"><\/a><div class=\"final-tiles-gallery  ftg-hover-enabled caption-inside  caption-none caption-middle caption-center\" id=\"ftg-22\" style=\"width: 100%\"><div class='ftg-items'><div class='loading-bar'><i><\/i><\/div><div  class='tile ftg-preload  '><a title=\"DSC_4797-w1500\" data-lightbox='ftg-22' rel='ftg-22'  class=' tile-inner  ftg-lightbox' href='https:\/\/autrementphoto.com\/wp-content\/uploads\/2023\/12\/DSC_4797-w1500-686x1024.jpg' ><img alt='DSC_4797-w1500' class='item skip-lazy' data-class='item' data-ftg-source='https:\/\/autrementphoto.com\/wp-content\/uploads\/2023\/12\/DSC_4797-w1500-686x1024.jpg' src='https:\/\/autrementphoto.com\/wp-content\/uploads\/2023\/12\/DSC_4797-w1500-686x1024.jpg' width='686' height='1024' \/><div class='caption-block'><div class='text-wrapper'><span class='title'>DSC_4797-w1500<\/span><\/div><\/div><\/a><div class='ftg-social'><\/div><\/div><div  class='tile ftg-preload  '><a title=\"DSC_4791-w1500\" data-lightbox='ftg-22' rel='ftg-22'  class=' tile-inner  ftg-lightbox' href='https:\/\/autrementphoto.com\/wp-content\/uploads\/2023\/12\/DSC_4791-w1500-1024x575.jpg' ><img alt='DSC_4791-w1500' class='item skip-lazy' data-class='item' data-ftg-source='https:\/\/autrementphoto.com\/wp-content\/uploads\/2023\/12\/DSC_4791-w1500-1024x575.jpg' src='https:\/\/autrementphoto.com\/wp-content\/uploads\/2023\/12\/DSC_4791-w1500-1024x575.jpg' width='1024' height='575' \/><div class='caption-block'><div class='text-wrapper'><span class='title'>DSC_4791-w1500<\/span><\/div><\/div><\/a><div class='ftg-social'><\/div><\/div><div  class='tile ftg-preload  '><a title=\"DSC_4783-w1500\" data-lightbox='ftg-22' rel='ftg-22'  class=' tile-inner  ftg-lightbox' href='https:\/\/autrementphoto.com\/wp-content\/uploads\/2023\/12\/DSC_4783-w1500-1024x685.jpg' ><img alt='DSC_4783-w1500' class='item skip-lazy' data-class='item' data-ftg-source='https:\/\/autrementphoto.com\/wp-content\/uploads\/2023\/12\/DSC_4783-w1500-1024x685.jpg' src='https:\/\/autrementphoto.com\/wp-content\/uploads\/2023\/12\/DSC_4783-w1500-1024x685.jpg' width='1024' height='685' \/><div class='caption-block'><div class='text-wrapper'><span class='title'>DSC_4783-w1500<\/span><\/div><\/div><\/a><div class='ftg-social'><\/div><\/div><div  class='tile ftg-preload  '><a title=\"DSC_2435\" data-lightbox='ftg-22' rel='ftg-22'  class=' tile-inner  ftg-lightbox' href='https:\/\/autrementphoto.com\/wp-content\/uploads\/2023\/12\/DSC_2435-816x1024.jpg' ><img alt='DSC_2435' class='item skip-lazy' data-class='item' data-ftg-source='https:\/\/autrementphoto.com\/wp-content\/uploads\/2023\/12\/DSC_2435-816x1024.jpg' src='https:\/\/autrementphoto.com\/wp-content\/uploads\/2023\/12\/DSC_2435-816x1024.jpg' width='816' height='1024' \/><div class='caption-block'><div class='text-wrapper'><span class='title'>DSC_2435<\/span><\/div><\/div><\/a><div class='ftg-social'><\/div><\/div><div  class='tile ftg-preload  '><a title=\"DSC_2415\" data-lightbox='ftg-22' rel='ftg-22'  class=' tile-inner  ftg-lightbox' href='https:\/\/autrementphoto.com\/wp-content\/uploads\/2023\/12\/DSC_2415-681x1024.jpg' ><img alt='DSC_2415' class='item skip-lazy' data-class='item' data-ftg-source='https:\/\/autrementphoto.com\/wp-content\/uploads\/2023\/12\/DSC_2415-681x1024.jpg' src='https:\/\/autrementphoto.com\/wp-content\/uploads\/2023\/12\/DSC_2415-681x1024.jpg' width='681' height='1024' \/><div class='caption-block'><div class='text-wrapper'><span class='title'>DSC_2415<\/span><\/div><\/div><\/a><div class='ftg-social'><\/div><\/div><div  class='tile ftg-preload  '><a title=\"DSC_2326\" data-lightbox='ftg-22' rel='ftg-22'  class=' tile-inner  ftg-lightbox' href='https:\/\/autrementphoto.com\/wp-content\/uploads\/2023\/12\/DSC_2326-681x1024.jpg' ><img alt='DSC_2326' class='item skip-lazy' data-class='item' data-ftg-source='https:\/\/autrementphoto.com\/wp-content\/uploads\/2023\/12\/DSC_2326-681x1024.jpg' src='https:\/\/autrementphoto.com\/wp-content\/uploads\/2023\/12\/DSC_2326-681x1024.jpg' width='681' height='1024' \/><div class='caption-block'><div class='text-wrapper'><span class='title'>DSC_2326<\/span><\/div><\/div><\/a><div class='ftg-social'><\/div><\/div><div  class='tile ftg-preload  '><a title=\"DSC_1531\" data-lightbox='ftg-22' rel='ftg-22'  class=' tile-inner  ftg-lightbox' href='https:\/\/autrementphoto.com\/wp-content\/uploads\/2023\/12\/DSC_1531-1024x681.jpg' ><img alt='DSC_1531' class='item skip-lazy' data-class='item' data-ftg-source='https:\/\/autrementphoto.com\/wp-content\/uploads\/2023\/12\/DSC_1531-1024x681.jpg' src='https:\/\/autrementphoto.com\/wp-content\/uploads\/2023\/12\/DSC_1531-1024x681.jpg' width='1024' height='681' \/><div class='caption-block'><div class='text-wrapper'><span class='title'>DSC_1531<\/span><\/div><\/div><\/a><div class='ftg-social'><\/div><\/div><div  class='tile ftg-preload  '><a title=\"DSC_1529-w1500\" data-lightbox='ftg-22' rel='ftg-22'  class=' tile-inner  ftg-lightbox' href='https:\/\/autrementphoto.com\/wp-content\/uploads\/2023\/12\/DSC_1529-w1500-1024x681.jpg' ><img alt='DSC_1529-w1500' class='item skip-lazy' data-class='item' data-ftg-source='https:\/\/autrementphoto.com\/wp-content\/uploads\/2023\/12\/DSC_1529-w1500-1024x681.jpg' src='https:\/\/autrementphoto.com\/wp-content\/uploads\/2023\/12\/DSC_1529-w1500-1024x681.jpg' width='1024' height='681' \/><div class='caption-block'><div class='text-wrapper'><span class='title'>DSC_1529-w1500<\/span><\/div><\/div><\/a><div class='ftg-social'><\/div><\/div><div  class='tile ftg-preload  '><a title=\"DSC_0001-w1500\" data-lightbox='ftg-22' rel='ftg-22'  class=' tile-inner  ftg-lightbox' href='https:\/\/autrementphoto.com\/wp-content\/uploads\/2023\/12\/DSC_0001-w1500-1024x723.jpg' ><img alt='DSC_0001-w1500' class='item skip-lazy' data-class='item' data-ftg-source='https:\/\/autrementphoto.com\/wp-content\/uploads\/2023\/12\/DSC_0001-w1500-1024x723.jpg' src='https:\/\/autrementphoto.com\/wp-content\/uploads\/2023\/12\/DSC_0001-w1500-1024x723.jpg' width='1024' height='723' \/><div class='caption-block'><div class='text-wrapper'><span class='title'>DSC_0001-w1500<\/span><\/div><\/div><\/a><div class='ftg-social'><\/div><\/div><div  class='tile ftg-preload  '><a title=\"DSC_1490-w1500\" data-lightbox='ftg-22' rel='ftg-22'  class=' tile-inner  ftg-lightbox' href='https:\/\/autrementphoto.com\/wp-content\/uploads\/2023\/12\/DSC_1490-w1500-1024x724.jpg' ><img alt='DSC_1490-w1500' class='item skip-lazy' data-class='item' data-ftg-source='https:\/\/autrementphoto.com\/wp-content\/uploads\/2023\/12\/DSC_1490-w1500-1024x724.jpg' src='https:\/\/autrementphoto.com\/wp-content\/uploads\/2023\/12\/DSC_1490-w1500-1024x724.jpg' width='1024' height='724' \/><div class='caption-block'><div class='text-wrapper'><span class='title'>DSC_1490-w1500<\/span><\/div><\/div><\/a><div class='ftg-social'><\/div><\/div><div  class='tile ftg-preload  '><a title=\"DSC_1487\" data-lightbox='ftg-22' rel='ftg-22'  class=' tile-inner  ftg-lightbox' href='https:\/\/autrementphoto.com\/wp-content\/uploads\/2023\/12\/DSC_1487-1024x577.jpg' ><img alt='DSC_1487' class='item skip-lazy' data-class='item' data-ftg-source='https:\/\/autrementphoto.com\/wp-content\/uploads\/2023\/12\/DSC_1487-1024x577.jpg' src='https:\/\/autrementphoto.com\/wp-content\/uploads\/2023\/12\/DSC_1487-1024x577.jpg' width='1024' height='577' \/><div class='caption-block'><div class='text-wrapper'><span class='title'>DSC_1487<\/span><\/div><\/div><\/a><div class='ftg-social'><\/div><\/div><div  class='tile ftg-preload  '><a title=\"DSC_1319\" data-lightbox='ftg-22' rel='ftg-22'  class=' tile-inner  ftg-lightbox' href='https:\/\/autrementphoto.com\/wp-content\/uploads\/2023\/12\/DSC_1319-682x1024.jpg' ><img alt='DSC_1319' class='item skip-lazy' data-class='item' data-ftg-source='https:\/\/autrementphoto.com\/wp-content\/uploads\/2023\/12\/DSC_1319-682x1024.jpg' src='https:\/\/autrementphoto.com\/wp-content\/uploads\/2023\/12\/DSC_1319-682x1024.jpg' width='682' height='1024' \/><div class='caption-block'><div class='text-wrapper'><span class='title'>DSC_1319<\/span><\/div><\/div><\/a><div class='ftg-social'><\/div><\/div><div  class='tile ftg-preload  '><a title=\"DSC_1265\" data-lightbox='ftg-22' rel='ftg-22'  class=' tile-inner  ftg-lightbox' href='https:\/\/autrementphoto.com\/wp-content\/uploads\/2023\/12\/DSC_1265-681x1024.jpg' ><img alt='DSC_1265' class='item skip-lazy' data-class='item' data-ftg-source='https:\/\/autrementphoto.com\/wp-content\/uploads\/2023\/12\/DSC_1265-681x1024.jpg' src='https:\/\/autrementphoto.com\/wp-content\/uploads\/2023\/12\/DSC_1265-681x1024.jpg' width='681' height='1024' \/><div class='caption-block'><div class='text-wrapper'><span class='title'>DSC_1265<\/span><\/div><\/div><\/a><div class='ftg-social'><\/div><\/div><div  class='tile ftg-preload  '><a title=\"DSC_1002-w1500\" data-lightbox='ftg-22' rel='ftg-22'  class=' tile-inner  ftg-lightbox' href='https:\/\/autrementphoto.com\/wp-content\/uploads\/2023\/12\/DSC_1002-w1500-681x1024.jpg' ><img alt='DSC_1002-w1500' class='item skip-lazy' data-class='item' data-ftg-source='https:\/\/autrementphoto.com\/wp-content\/uploads\/2023\/12\/DSC_1002-w1500-681x1024.jpg' src='https:\/\/autrementphoto.com\/wp-content\/uploads\/2023\/12\/DSC_1002-w1500-681x1024.jpg' width='681' height='1024' \/><div class='caption-block'><div class='text-wrapper'><span class='title'>DSC_1002-w1500<\/span><\/div><\/div><\/a><div class='ftg-social'><\/div><\/div><div  class='tile ftg-preload  '><a title=\"DSC_0988-w1500\" data-lightbox='ftg-22' rel='ftg-22'  class=' tile-inner  ftg-lightbox' href='https:\/\/autrementphoto.com\/wp-content\/uploads\/2023\/12\/DSC_0988-w1500-1024x725.jpg' ><img alt='DSC_0988-w1500' class='item skip-lazy' data-class='item' data-ftg-source='https:\/\/autrementphoto.com\/wp-content\/uploads\/2023\/12\/DSC_0988-w1500-1024x725.jpg' src='https:\/\/autrementphoto.com\/wp-content\/uploads\/2023\/12\/DSC_0988-w1500-1024x725.jpg' width='1024' height='725' \/><div class='caption-block'><div class='text-wrapper'><span class='title'>DSC_0988-w1500<\/span><\/div><\/div><\/a><div class='ftg-social'><\/div><\/div><div  class='tile ftg-preload  '><a title=\"DSC_0966\" data-lightbox='ftg-22' rel='ftg-22'  class=' tile-inner  ftg-lightbox' href='https:\/\/autrementphoto.com\/wp-content\/uploads\/2023\/12\/DSC_0966-1024x710.jpg' ><img alt='DSC_0966' class='item skip-lazy' data-class='item' data-ftg-source='https:\/\/autrementphoto.com\/wp-content\/uploads\/2023\/12\/DSC_0966-1024x710.jpg' src='https:\/\/autrementphoto.com\/wp-content\/uploads\/2023\/12\/DSC_0966-1024x710.jpg' width='1024' height='710' \/><div class='caption-block'><div class='text-wrapper'><span class='title'>DSC_0966<\/span><\/div><\/div><\/a><div class='ftg-social'><\/div><\/div><\/div><\/div><\/div>\n\t\t\t\t\t\t<\/div>\n\t\t\t\t<\/div>\n\t\t\t\t\t<\/div>\n\t\t\t\t<\/div>\n\t\t\t\t<\/div>\n\t\t","protected":false},"excerpt":{"rendered":"<p>L\u2019exploration urbaine, ou urbex, est un art qui exige un profond respect et une grande prudence. Ces lieux abandonn\u00e9s se transforment souvent en toiles pour graffeurs, en terrains d\u2019aventure pour les amateurs d\u2019airsoft, ou en refuges pour les \u00e2mes errantes. Ils deviennent \u00e9galement des sanctuaires insoup\u00e7onn\u00e9s pour la faune. Ces espaces fig\u00e9s dans le temps [&hellip;]<\/p>\n","protected":false},"author":1,"featured_media":0,"parent":0,"menu_order":0,"comment_status":"closed","ping_status":"closed","template":"","meta":{"ocean_post_layout":"","ocean_both_sidebars_style":"","ocean_both_sidebars_content_width":0,"ocean_both_sidebars_sidebars_width":0,"ocean_sidebar":"","ocean_second_sidebar":"","ocean_disable_margins":"enable","ocean_add_body_class":"","ocean_shortcode_before_top_bar":"","ocean_shortcode_after_top_bar":"","ocean_shortcode_before_header":"","ocean_shortcode_after_header":"","ocean_has_shortcode":"","ocean_shortcode_after_title":"","ocean_shortcode_before_footer_widgets":"","ocean_shortcode_after_footer_widgets":"","ocean_shortcode_before_footer_bottom":"","ocean_shortcode_after_footer_bottom":"","ocean_display_top_bar":"default","ocean_display_header":"default","ocean_header_style":"","ocean_center_header_left_menu":"","ocean_custom_header_template":"","ocean_custom_logo":0,"ocean_custom_retina_logo":0,"ocean_custom_logo_max_width":0,"ocean_custom_logo_tablet_max_width":0,"ocean_custom_logo_mobile_max_width":0,"ocean_custom_logo_max_height":0,"ocean_custom_logo_tablet_max_height":0,"ocean_custom_logo_mobile_max_height":0,"ocean_header_custom_menu":"","ocean_menu_typo_font_family":"","ocean_menu_typo_font_subset":"","ocean_menu_typo_font_size":0,"ocean_menu_typo_font_size_tablet":0,"ocean_menu_typo_font_size_mobile":0,"ocean_menu_typo_font_size_unit":"px","ocean_menu_typo_font_weight":"","ocean_menu_typo_font_weight_tablet":"","ocean_menu_typo_font_weight_mobile":"","ocean_menu_typo_transform":"","ocean_menu_typo_transform_tablet":"","ocean_menu_typo_transform_mobile":"","ocean_menu_typo_line_height":0,"ocean_menu_typo_line_height_tablet":0,"ocean_menu_typo_line_height_mobile":0,"ocean_menu_typo_line_height_unit":"","ocean_menu_typo_spacing":0,"ocean_menu_typo_spacing_tablet":0,"ocean_menu_typo_spacing_mobile":0,"ocean_menu_typo_spacing_unit":"","ocean_menu_link_color":"","ocean_menu_link_color_hover":"","ocean_menu_link_color_active":"","ocean_menu_link_background":"","ocean_menu_link_hover_background":"","ocean_menu_link_active_background":"","ocean_menu_social_links_bg":"","ocean_menu_social_hover_links_bg":"","ocean_menu_social_links_color":"","ocean_menu_social_hover_links_color":"","ocean_disable_title":"default","ocean_disable_heading":"default","ocean_post_title":"","ocean_post_subheading":"","ocean_post_title_style":"","ocean_post_title_background_color":"","ocean_post_title_background":0,"ocean_post_title_bg_image_position":"","ocean_post_title_bg_image_attachment":"","ocean_post_title_bg_image_repeat":"","ocean_post_title_bg_image_size":"","ocean_post_title_height":0,"ocean_post_title_bg_overlay":0.5,"ocean_post_title_bg_overlay_color":"","ocean_disable_breadcrumbs":"default","ocean_breadcrumbs_color":"","ocean_breadcrumbs_separator_color":"","ocean_breadcrumbs_links_color":"","ocean_breadcrumbs_links_hover_color":"","ocean_display_footer_widgets":"default","ocean_display_footer_bottom":"default","ocean_custom_footer_template":"","footnotes":""},"class_list":["post-1448","page","type-page","status-publish","hentry","entry"],"_links":{"self":[{"href":"https:\/\/autrementphoto.com\/index.php\/wp-json\/wp\/v2\/pages\/1448","targetHints":{"allow":["GET"]}}],"collection":[{"href":"https:\/\/autrementphoto.com\/index.php\/wp-json\/wp\/v2\/pages"}],"about":[{"href":"https:\/\/autrementphoto.com\/index.php\/wp-json\/wp\/v2\/types\/page"}],"author":[{"embeddable":true,"href":"https:\/\/autrementphoto.com\/index.php\/wp-json\/wp\/v2\/users\/1"}],"replies":[{"embeddable":true,"href":"https:\/\/autrementphoto.com\/index.php\/wp-json\/wp\/v2\/comments?post=1448"}],"version-history":[{"count":10,"href":"https:\/\/autrementphoto.com\/index.php\/wp-json\/wp\/v2\/pages\/1448\/revisions"}],"predecessor-version":[{"id":1491,"href":"https:\/\/autrementphoto.com\/index.php\/wp-json\/wp\/v2\/pages\/1448\/revisions\/1491"}],"wp:attachment":[{"href":"https:\/\/autrementphoto.com\/index.php\/wp-json\/wp\/v2\/media?parent=1448"}],"curies":[{"name":"wp","href":"https:\/\/api.w.org\/{rel}","templated":true}]}}