{"id":21,"date":"2023-12-27T19:43:39","date_gmt":"2023-12-27T18:43:39","guid":{"rendered":"https:\/\/autrementphoto.com\/?page_id=21"},"modified":"2024-04-24T23:45:08","modified_gmt":"2024-04-24T21:45:08","slug":"vente-de-tirages","status":"publish","type":"page","link":"https:\/\/autrementphoto.com\/index.php\/vente-de-tirages\/","title":{"rendered":"Vente de tirages"},"content":{"rendered":"\t\t<div data-elementor-type=\"wp-page\" data-elementor-id=\"21\" class=\"elementor elementor-21\">\n\t\t\t\t<div class=\"elementor-element elementor-element-f0dc172 e-flex e-con-boxed e-con e-parent\" data-id=\"f0dc172\" data-element_type=\"container\" data-e-type=\"container\">\n\t\t\t\t\t<div class=\"e-con-inner\">\n\t\t\t\t<div class=\"elementor-element elementor-element-8005300 elementor-widget elementor-widget-text-editor\" data-id=\"8005300\" data-element_type=\"widget\" data-e-type=\"widget\" data-widget_type=\"text-editor.default\">\n\t\t\t\t<div class=\"elementor-widget-container\">\n\t\t\t\t\t\t\t\t\t<p>Bienvenue dans ma galerie photographique, o\u00f9 vous pouvez acheter des tirages photo professionnels sur une vari\u00e9t\u00e9 de supports et de dimensions pour embellir votre espace de vie ou de travail. En tant que photographe, je vous offre la possibilit\u00e9 d&rsquo;acqu\u00e9rir des tirages photographiques de qualit\u00e9 sup\u00e9rieure pour donner vie \u00e0 vos moments captur\u00e9s dans toute leur splendeur.<\/p>\n<p>D\u00e9couvrez une s\u00e9lection diversifi\u00e9e de tirages disponibles sur diff\u00e9rents supports tels que le papier photo, le canevas, le m\u00e9tal (Alu-Dibond) ou encore le bois. Chaque support offre une esth\u00e9tique unique, permettant \u00e0 chaque image de briller d&rsquo;une mani\u00e8re qui lui est propre.<\/p>\n<p>Pour r\u00e9pondre \u00e0 vos besoins sp\u00e9cifiques en mati\u00e8re de dimensions et de formats, je propose une gamme vari\u00e9e de tailles pour chaque tirage. Que vous recherchiez une petite impression pour embellir un coin de votre maison ou une grande \u0153uvre d&rsquo;art pour dominer votre espace, vous trouverez la taille parfaite pour chaque image.<\/p>\n<p>Pour acheter un tirage ou obtenir plus d&rsquo;informations sur les options disponibles, contactez-moi d\u00e8s maintenant via le <b><a href=\"https:\/\/autrementphoto.com\/index.php\/contact\/\">formulaire de contact<\/a><\/b>. Ensemble, discutons de vos besoins sp\u00e9cifiques, des options de personnalisation et des d\u00e9tails logistiques pour vous garantir une exp\u00e9rience d&rsquo;achat personnalis\u00e9e et sans tracas.<\/p>\n<p>Transformez chaque image que vous choisissez en une pi\u00e8ce ma\u00eetresse de votre environnement, une source d&rsquo;inspiration quotidienne et une histoire \u00e0 partager. Merci de faire partie de cette aventure photographique avec moi.<\/p>\t\t\t\t\t\t\t\t<\/div>\n\t\t\t\t<\/div>\n\t\t\t\t\t<\/div>\n\t\t\t\t<\/div>\n\t\t\t\t<\/div>\n\t\t","protected":false},"excerpt":{"rendered":"<p>Bienvenue dans ma galerie photographique, o\u00f9 vous pouvez acheter des tirages photo professionnels sur une vari\u00e9t\u00e9 de supports et de dimensions pour embellir votre espace de vie ou de travail. En tant que photographe, je vous offre la possibilit\u00e9 d&rsquo;acqu\u00e9rir des tirages photographiques de qualit\u00e9 sup\u00e9rieure pour donner vie \u00e0 vos moments captur\u00e9s dans toute [&hellip;]<\/p>\n","protected":false},"author":1,"featured_media":0,"parent":0,"menu_order":0,"comment_status":"closed","ping_status":"closed","template":"","meta":{"ocean_post_layout":"","ocean_both_sidebars_style":"","ocean_both_sidebars_content_width":0,"ocean_both_sidebars_sidebars_width":0,"ocean_sidebar":"","ocean_second_sidebar":"","ocean_disable_margins":"enable","ocean_add_body_class":"","ocean_shortcode_before_top_bar":"","ocean_shortcode_after_top_bar":"","ocean_shortcode_before_header":"","ocean_shortcode_after_header":"","ocean_has_shortcode":"","ocean_shortcode_after_title":"","ocean_shortcode_before_footer_widgets":"","ocean_shortcode_after_footer_widgets":"","ocean_shortcode_before_footer_bottom":"","ocean_shortcode_after_footer_bottom":"","ocean_display_top_bar":"default","ocean_display_header":"default","ocean_header_style":"","ocean_center_header_left_menu":"","ocean_custom_header_template":"","ocean_custom_logo":0,"ocean_custom_retina_logo":0,"ocean_custom_logo_max_width":0,"ocean_custom_logo_tablet_max_width":0,"ocean_custom_logo_mobile_max_width":0,"ocean_custom_logo_max_height":0,"ocean_custom_logo_tablet_max_height":0,"ocean_custom_logo_mobile_max_height":0,"ocean_header_custom_menu":"","ocean_menu_typo_font_family":"","ocean_menu_typo_font_subset":"","ocean_menu_typo_font_size":0,"ocean_menu_typo_font_size_tablet":0,"ocean_menu_typo_font_size_mobile":0,"ocean_menu_typo_font_size_unit":"px","ocean_menu_typo_font_weight":"","ocean_menu_typo_font_weight_tablet":"","ocean_menu_typo_font_weight_mobile":"","ocean_menu_typo_transform":"","ocean_menu_typo_transform_tablet":"","ocean_menu_typo_transform_mobile":"","ocean_menu_typo_line_height":0,"ocean_menu_typo_line_height_tablet":0,"ocean_menu_typo_line_height_mobile":0,"ocean_menu_typo_line_height_unit":"","ocean_menu_typo_spacing":0,"ocean_menu_typo_spacing_tablet":0,"ocean_menu_typo_spacing_mobile":0,"ocean_menu_typo_spacing_unit":"","ocean_menu_link_color":"","ocean_menu_link_color_hover":"","ocean_menu_link_color_active":"","ocean_menu_link_background":"","ocean_menu_link_hover_background":"","ocean_menu_link_active_background":"","ocean_menu_social_links_bg":"","ocean_menu_social_hover_links_bg":"","ocean_menu_social_links_color":"","ocean_menu_social_hover_links_color":"","ocean_disable_title":"default","ocean_disable_heading":"default","ocean_post_title":"","ocean_post_subheading":"","ocean_post_title_style":"","ocean_post_title_background_color":"","ocean_post_title_background":0,"ocean_post_title_bg_image_position":"","ocean_post_title_bg_image_attachment":"","ocean_post_title_bg_image_repeat":"","ocean_post_title_bg_image_size":"","ocean_post_title_height":0,"ocean_post_title_bg_overlay":0.5,"ocean_post_title_bg_overlay_color":"","ocean_disable_breadcrumbs":"default","ocean_breadcrumbs_color":"","ocean_breadcrumbs_separator_color":"","ocean_breadcrumbs_links_color":"","ocean_breadcrumbs_links_hover_color":"","ocean_display_footer_widgets":"default","ocean_display_footer_bottom":"default","ocean_custom_footer_template":"","footnotes":""},"class_list":["post-21","page","type-page","status-publish","hentry","entry"],"_links":{"self":[{"href":"https:\/\/autrementphoto.com\/index.php\/wp-json\/wp\/v2\/pages\/21","targetHints":{"allow":["GET"]}}],"collection":[{"href":"https:\/\/autrementphoto.com\/index.php\/wp-json\/wp\/v2\/pages"}],"about":[{"href":"https:\/\/autrementphoto.com\/index.php\/wp-json\/wp\/v2\/types\/page"}],"author":[{"embeddable":true,"href":"https:\/\/autrementphoto.com\/index.php\/wp-json\/wp\/v2\/users\/1"}],"replies":[{"embeddable":true,"href":"https:\/\/autrementphoto.com\/index.php\/wp-json\/wp\/v2\/comments?post=21"}],"version-history":[{"count":4,"href":"https:\/\/autrementphoto.com\/index.php\/wp-json\/wp\/v2\/pages\/21\/revisions"}],"predecessor-version":[{"id":1639,"href":"https:\/\/autrementphoto.com\/index.php\/wp-json\/wp\/v2\/pages\/21\/revisions\/1639"}],"wp:attachment":[{"href":"https:\/\/autrementphoto.com\/index.php\/wp-json\/wp\/v2\/media?parent=21"}],"curies":[{"name":"wp","href":"https:\/\/api.w.org\/{rel}","templated":true}]}}